{"id":1293,"date":"2019-07-11T09:54:55","date_gmt":"2019-07-11T08:54:55","guid":{"rendered":"http:\/\/imkerverein-lev.de\/?page_id=1293"},"modified":"2025-12-22T11:40:40","modified_gmt":"2025-12-22T10:40:40","slug":"schwarmfaenger","status":"publish","type":"page","link":"https:\/\/imkerverein-lev.de\/?page_id=1293","title":{"rendered":"Schwarmf\u00e4nger"},"content":{"rendered":"<h3>Jedes Jahr ab Mitte M\u00e4rz bis Ende Juni ist sie wieder da, die allj\u00e4hrliche Schwarmsaison!<br \/>\nEin Bienenschwarm ist ein wundersch\u00f6nes Naturereignis, was den meisten Menschen eine gro\u00dfe Portion Respekt einfl\u00f6\u00dft.<br \/>\nDas ist auch richtig, aber eines ist unn\u00f6tig: Angst! <span class=\"text_exposed_show\"><br \/>\nEin normaler Bienenschwarm sticht nicht.<\/span><\/h3>\n<div class=\"text_exposed_show\">\n<p>Halten Sie trotzdem einen Sicherheitsabstand ein, der f\u00fcr Sie angenehm ist und melden Sie den Schwarm dem Imker Ihres Vertrauens oder einem Imker aus der unten angehangenen Liste.<br \/>\nDer Imker kommt dann so schnell es geht, sammelt den Schwarm ein und gibt ihm eine artgerechte Behausung, in der er sich ausbreiten kann.<\/p>\n<p>\u00dcbrigens: F\u00fcr alles andere was scheinbar gelb\/schwarz gestreift ist und sticht, sind wir NICHT zust\u00e4ndig .<br \/>\nSehen sie also eine frei h\u00e4ngende (oder auch liegende) Traube wie auf dem linken Foto, klingeln Sie gerne durch!<br \/>\nSehen sie aber eine kugelf\u00f6rmige Behausung wie auf dem Foto rechts, die von den Insekten selber gebaut wurde und in der emsiges Treiben herrscht, ist der richtige Ansprechpartner:<\/p>\n<p><a href=\"http:\/\/www.schaedlingsbekaempfung-lev.de\">Herr Kittner Sch\u00e4dlingsbek\u00e4mpfer<\/a><\/p>\n<p>Herr Kittner arbeitet mit der Naturschutzbeh\u00f6rde zusammen, und genie\u00dft unser Vertrauen.<\/p>\n\n<table id=\"tablepress-3\" class=\"tablepress tablepress-id-3\">\n<tbody class=\"row-hover\">\n<tr class=\"row-1 odd\">\n\t<td class=\"column-1\"><img src=\"http:\/\/imkerverein-lev.de\/wp-content\/uploads\/2019\/07\/schwarm-225x300.png\" alt=\"\" width=\"225\" height=\"300\" class=\"alignnone size-medium wp-image-1321\" \/><\/td><td class=\"column-2\"><img src=\"http:\/\/imkerverein-lev.de\/wp-content\/uploads\/2019\/07\/wespe-229x300.png\" alt=\"\" width=\"229\" height=\"300\" class=\"alignnone size-medium wp-image-1322\" \/><\/td>\n<\/tr>\n<\/tbody>\n<\/table>\n<!-- #tablepress-3 from cache -->\n<\/div>\n<h2><\/h2>\n<p>&nbsp;<\/p>\n<h2>Leverkusen<\/h2>\n<p>&nbsp;<\/p>\n<table style=\"height: 925px;\" width=\"835\">\n<tbody>\n<tr>\n<td width=\"192\">\n<h3>Schwarmf\u00e4nger in<\/h3>\n<\/td>\n<td width=\"215\">\n<h3>Name<\/h3>\n<\/td>\n<td width=\"167\">\n<h3>Telefonnummer<\/h3>\n<\/td>\n<\/tr>\n<tr>\n<td width=\"192\">Manfort<\/td>\n<td width=\"215\">Horst Poloczek<\/td>\n<td width=\"167\">0177 6711149<\/td>\n<\/tr>\n<tr>\n<td width=\"192\">Wiesdorf<\/td>\n<td width=\"215\">Berhard Schwab<\/td>\n<td width=\"167\">0214 23077290<\/td>\n<\/tr>\n<tr>\n<td rowspan=\"2\" width=\"192\">Rheindorf<\/td>\n<td width=\"215\">Piotr Smorawski<\/td>\n<td width=\"167\">0178 2105322<\/td>\n<\/tr>\n<tr>\n<td width=\"215\">Berhard Schwab<\/td>\n<td width=\"167\">0214 23077290<\/td>\n<\/tr>\n<tr>\n<td width=\"192\">Hitdorf<\/td>\n<td width=\"215\">Berhard Schwab<\/td>\n<td width=\"167\">0214 23077290<\/td>\n<\/tr>\n<tr>\n<td rowspan=\"2\" width=\"192\">Opladen<\/td>\n<td width=\"215\">Piotr Smorawski<\/td>\n<td width=\"167\">0178 2105322<\/td>\n<\/tr>\n<tr>\n<td width=\"215\">Joachim Pfau<\/td>\n<td width=\"167\">0171 9091909<\/td>\n<\/tr>\n<tr>\n<td width=\"192\">B\u00fcrrig<\/td>\n<td width=\"215\">Epameinondas Papadopoulos<\/td>\n<td width=\"167\">0163 6399841<\/td>\n<\/tr>\n<tr>\n<td rowspan=\"2\" width=\"192\">Quettingen<\/td>\n<td width=\"215\">Horst Poloczek<\/td>\n<td width=\"167\">0177 6711149<\/td>\n<\/tr>\n<tr>\n<td width=\"215\">Epameinondas Papadopoulos<\/td>\n<td width=\"167\">0163 6399841<\/td>\n<\/tr>\n<tr>\n<td width=\"192\">Alkenrath<\/td>\n<td width=\"215\">Horst Poloczek<\/td>\n<td width=\"167\">0177 6711149<\/td>\n<\/tr>\n<tr>\n<td rowspan=\"3\" width=\"192\">L\u00fctzenkirchen<\/td>\n<td>Christian Kaltenbach<\/td>\n<td>0172 7041423<\/td>\n<\/tr>\n<tr>\n<td width=\"215\">Birgit Kostka<\/td>\n<td width=\"167\">01577 4180465<\/td>\n<\/tr>\n<tr>\n<td width=\"215\">Horst Poloczek<\/td>\n<td width=\"167\">0177 6711149<\/td>\n<\/tr>\n<tr>\n<td width=\"192\">Steinb\u00fcchel<\/td>\n<td width=\"215\"><\/td>\n<td width=\"167\"><\/td>\n<\/tr>\n<tr>\n<td rowspan=\"2\" width=\"192\">Schlebusch<\/td>\n<td width=\"215\">Sandra Gebhardt<\/td>\n<td width=\"167\">0151 27557873<\/td>\n<\/tr>\n<tr>\n<td width=\"215\"><\/td>\n<td width=\"167\"><\/td>\n<\/tr>\n<tr>\n<td width=\"192\"><\/td>\n<td>Christian Kaltenbach<\/td>\n<td>0172 7041423<\/td>\n<\/tr>\n<tr>\n<td width=\"192\"><\/td>\n<td width=\"215\">Tanja Verch<\/td>\n<td width=\"167\">01577 6046527<\/td>\n<\/tr>\n<tr>\n<td rowspan=\"2\" width=\"192\">Bergisch Neukirchen<\/td>\n<td width=\"215\">Joachim Pfau<\/td>\n<td width=\"167\">0171 9091909<\/td>\n<\/tr>\n<tr>\n<td width=\"215\">Horst Poloczek<\/td>\n<td width=\"167\">0177 6711149<\/td>\n<\/tr>\n<tr>\n<td width=\"192\">Pattscheid<\/td>\n<td width=\"215\">Horst Poloczek<\/td>\n<td width=\"167\">0177 6711149<\/td>\n<\/tr>\n<tr>\n<td width=\"192\"><\/td>\n<td rowspan=\"2\" width=\"215\"><\/td>\n<td rowspan=\"2\" width=\"167\"><\/td>\n<\/tr>\n<tr>\n<td width=\"192\"><\/td>\n<\/tr>\n<\/tbody>\n<\/table>\n","protected":false},"excerpt":{"rendered":"<p>Jedes Jahr ab Mitte M\u00e4rz bis Ende Juni ist sie wieder da, die allj\u00e4hrliche Schwarmsaison! Ein Bienenschwarm ist ein wundersch\u00f6nes Naturereignis, was den meisten Menschen eine gro\u00dfe Portion Respekt einfl\u00f6\u00dft. Das ist auch richtig, aber eines ist unn\u00f6tig: Angst! Ein normaler Bienenschwarm sticht nicht. Halten Sie trotzdem einen Sicherheitsabstand ein, der f\u00fcr Sie angenehm ist und melden Sie den Schwarm dem Imker Ihres Vertrauens oder einem Imker aus der unten angehangenen Liste. Der Imker kommt dann so schnell es geht, sammelt den Schwarm ein und gibt ihm eine artgerechte Behausung, in der er sich ausbreiten kann. \u00dcbrigens: F\u00fcr alles andere was scheinbar gelb\/schwarz gestreift ist und sticht, sind wir NICHT zust\u00e4ndig . Sehen sie also eine frei h\u00e4ngende (oder auch liegende) Traube wie auf dem linken Foto, klingeln Sie gerne durch! Sehen sie aber eine kugelf\u00f6rmige Behausung wie auf dem Foto rechts, die von den Insekten selber gebaut wurde und in der emsiges Treiben herrscht, ist der richtige Ansprechpartner: Herr Kittner Sch\u00e4dlingsbek\u00e4mpfer Herr Kittner arbeitet mit der Naturschutzbeh\u00f6rde zusammen, und genie\u00dft unser Vertrauen. &nbsp; Leverkusen &nbsp; Schwarmf\u00e4nger in Name Telefonnummer Manfort Horst Poloczek 0177 6711149 Wiesdorf Berhard Schwab 0214 23077290 Rheindorf Piotr Smorawski 0178 2105322 Berhard Schwab 0214 23077290 Hitdorf Berhard Schwab 0214 23077290 Opladen Piotr Smorawski 0178 2105322 Joachim Pfau 0171 9091909 B\u00fcrrig Epameinondas Papadopoulos 0163 6399841 Quettingen Horst Poloczek 0177 6711149 Epameinondas Papadopoulos 0163 6399841 Alkenrath Horst Poloczek 0177 6711149 L\u00fctzenkirchen Christian Kaltenbach 0172 7041423 Birgit Kostka 01577 4180465 Horst Poloczek 0177 6711149 Steinb\u00fcchel Schlebusch Sandra Gebhardt 0151 27557873 Christian Kaltenbach 0172 7041423 Tanja Verch 01577 6046527 Bergisch Neukirchen Joachim Pfau 0171 9091909 Horst Poloczek 0177 6711149 Pattscheid Horst Poloczek 0177 6711149<\/p>\n","protected":false},"author":1,"featured_media":0,"parent":0,"menu_order":0,"comment_status":"closed","ping_status":"closed","template":"","meta":{"_bbp_topic_count":0,"_bbp_reply_count":0,"_bbp_total_topic_count":0,"_bbp_total_reply_count":0,"_bbp_voice_count":0,"_bbp_anonymous_reply_count":0,"_bbp_topic_count_hidden":0,"_bbp_reply_count_hidden":0,"_bbp_forum_subforum_count":0},"_links":{"self":[{"href":"https:\/\/imkerverein-lev.de\/index.php?rest_route=\/wp\/v2\/pages\/1293"}],"collection":[{"href":"https:\/\/imkerverein-lev.de\/index.php?rest_route=\/wp\/v2\/pages"}],"about":[{"href":"https:\/\/imkerverein-lev.de\/index.php?rest_route=\/wp\/v2\/types\/page"}],"author":[{"embeddable":true,"href":"https:\/\/imkerverein-lev.de\/index.php?rest_route=\/wp\/v2\/users\/1"}],"replies":[{"embeddable":true,"href":"https:\/\/imkerverein-lev.de\/index.php?rest_route=%2Fwp%2Fv2%2Fcomments&post=1293"}],"version-history":[{"count":38,"href":"https:\/\/imkerverein-lev.de\/index.php?rest_route=\/wp\/v2\/pages\/1293\/revisions"}],"predecessor-version":[{"id":2115,"href":"https:\/\/imkerverein-lev.de\/index.php?rest_route=\/wp\/v2\/pages\/1293\/revisions\/2115"}],"wp:attachment":[{"href":"https:\/\/imkerverein-lev.de\/index.php?rest_route=%2Fwp%2Fv2%2Fmedia&parent=1293"}],"curies":[{"name":"wp","href":"https:\/\/api.w.org\/{rel}","templated":true}]}}