{"id":1392,"date":"2019-11-13T09:38:11","date_gmt":"2019-11-13T08:38:11","guid":{"rendered":"http:\/\/imkerverein-lev.de\/?page_id=1392"},"modified":"2026-04-12T19:06:26","modified_gmt":"2026-04-12T18:06:26","slug":"bienenschutz","status":"publish","type":"page","link":"https:\/\/imkerverein-lev.de\/?page_id=1392","title":{"rendered":"Wildbienen"},"content":{"rendered":"<h5><\/h5>\n<h5><strong>Wildbienensterben \u2013 was kannst du tun?<\/strong><\/h5>\n<p>Mit der weltweiten Klimakrise geht ein weltweites Artensterben, auch bei uns einher.<\/p>\n<p>Hier in Deutschland ist haupts\u00e4chlich die gr\u00f6\u00dfte aller Artengruppen, sind die Insekten betroffen. Nicht nur die Anzahl der Arten, sondern auch die Individuenzahl innerhalb einer Art nimmt ab. <strong>Das hei\u00dft, unseren Insekten geht es schlecht.<\/strong><\/p>\n<p>Von den ca. 570 Wildbienenarten in Deutschland sind 50 Prozent vom Aussterben bedroht. (Quelle: Heinrich B\u00f6ll Stiftung, Insektenatlas 2020, S. 16)<\/p>\n<p>&nbsp;<\/p>\n<p>Alle <strong>Insekten brauchen Nahrung, Nistmaterial und Nistpl\u00e4tze<\/strong> \u2013 und dies alles m\u00f6glichst nah beieinander. Wir k\u00f6nnen sie durch <strong>Strukturvielfalt in unseren G\u00e4rten<\/strong> f\u00f6rdern. Sei es durch eine Benjeshecke, einen <strong>Totholzstapel<\/strong>, aufrechtstehendes Totholz, <strong>Steinhaufen<\/strong>, Trockenmauern, Insektenhotels, Sandarien, eine Schale Wasser oder eine <strong>Wildblumenwiese<\/strong>. Ganz wichtig ist das Anpflanzen von <strong>regionalen Wildpflanzen<\/strong>. Denn Wildpflanzen und Insekten haben sich gemeinsam \u00fcber Jahrhunderte entwickelt. Der jeweilige Zeitpunkt ihres Erscheinens ist perfekt aufeinander abgestimmt. Bestimmte Pflanzen geben bestimmten Insekten Nahrung oder bieten ihnen einen Nistplatz. Gerade unter den Wildbienen sind ein Drittel der Arten auf ganz bestimmte Pflanzen und ihre Pollen angewiesen.<\/p>\n<p>&nbsp;<\/p>\n<p>Auch drau\u00dfen <strong>auf der Fensterbank oder dem Balkon<\/strong> lassen sich kleine Inseln f\u00fcr Wildbienen anlegen. Sei es durch T\u00f6pfe mit Fr\u00fchbl\u00fchern wie der hohen Schl\u00fcsselblume oder dem wei\u00dfbl\u00fchenden Fr\u00fchlings-Krokus. Jeder Topf mit ungef\u00fcllten Bl\u00fcten heimischer Wildstauden ist eine Bereicherung f\u00fcr unsere Insekten. Obendrein sind Glockenblumen, Flockenblumen, Katzenminze, Natternkopf, Disteln, Schafgarbe oder Kornblumen auch noch sch\u00f6n anzuschauen.<\/p>\n<p>Vielleicht reicht der Platz sogar f\u00fcr einen Strauch wie der Kornelkirsche. Auch eine Bereicherung ist ein bepflanzter Miniteich beispielsweise in einer Zinkwanne. Aber auch ein Untersetzer mit Steinen und Wasser bietet Wildbienen eine wichtige Trinkstelle.<\/p>\n<p>&nbsp;<\/p>\n<p>&nbsp;<\/p>\n<table width=\"1077\">\n<tbody>\n<tr>\n<td width=\"218\"><img decoding=\"async\" loading=\"lazy\" class=\"aligncenter wp-image-2136 \" src=\"https:\/\/imkerverein-lev.de\/wp-content\/uploads\/2026\/03\/IMG_0007-300x225.jpeg\" alt=\"\" width=\"333\" height=\"250\" srcset=\"https:\/\/imkerverein-lev.de\/wp-content\/uploads\/2026\/03\/IMG_0007-300x225.jpeg 300w, https:\/\/imkerverein-lev.de\/wp-content\/uploads\/2026\/03\/IMG_0007.jpeg 640w\" sizes=\"(max-width: 333px) 100vw, 333px\" \/><\/p>\n<p>Gartenhummel und Brandkraut\/Plomis, Foto: M. Evers<\/p>\n<p>&nbsp;<\/td>\n<td width=\"222\"><img decoding=\"async\" loading=\"lazy\" class=\"aligncenter wp-image-2139 \" src=\"https:\/\/imkerverein-lev.de\/wp-content\/uploads\/2026\/04\/AZ_SandariumBlueten-225x300.jpeg\" alt=\"\" width=\"424\" height=\"565\" srcset=\"https:\/\/imkerverein-lev.de\/wp-content\/uploads\/2026\/04\/AZ_SandariumBlueten-225x300.jpeg 225w, https:\/\/imkerverein-lev.de\/wp-content\/uploads\/2026\/04\/AZ_SandariumBlueten-768x1026.jpeg 768w\" sizes=\"(max-width: 424px) 100vw, 424px\" \/><\/p>\n<p>Sandarium mit Nelken, Witwenblumen und Katzenminze, Foto: A. Zerfa\u00df<\/p>\n<p>&nbsp;<\/td>\n<td width=\"226\"><img decoding=\"async\" loading=\"lazy\" class=\"aligncenter wp-image-2137 \" src=\"https:\/\/imkerverein-lev.de\/wp-content\/uploads\/2026\/03\/IMG_0024-300x225.jpeg\" alt=\"\" width=\"347\" height=\"260\" srcset=\"https:\/\/imkerverein-lev.de\/wp-content\/uploads\/2026\/03\/IMG_0024-300x225.jpeg 300w, https:\/\/imkerverein-lev.de\/wp-content\/uploads\/2026\/03\/IMG_0024.jpeg 640w\" sizes=\"(max-width: 347px) 100vw, 347px\" \/><\/p>\n<p>Knautien-Sandbiene auf Witwenblume\/Kautia, Foto: A. Zerfa\u00df<\/p>\n<p>&nbsp;<\/td>\n<\/tr>\n<\/tbody>\n<\/table>\n<h5><\/h5>\n","protected":false},"excerpt":{"rendered":"<p>Wildbienensterben \u2013 was kannst du tun? Mit der weltweiten Klimakrise geht ein weltweites Artensterben, auch bei uns einher. Hier in Deutschland ist haupts\u00e4chlich die gr\u00f6\u00dfte aller Artengruppen, sind die Insekten betroffen. Nicht nur die Anzahl der Arten, sondern auch die Individuenzahl innerhalb einer Art nimmt ab. Das hei\u00dft, unseren Insekten geht es schlecht. Von den ca. 570 Wildbienenarten in Deutschland sind 50 Prozent vom Aussterben bedroht. (Quelle: Heinrich B\u00f6ll Stiftung, Insektenatlas 2020, S. 16) &nbsp; Alle Insekten brauchen Nahrung, Nistmaterial und Nistpl\u00e4tze \u2013 und dies alles m\u00f6glichst nah beieinander. Wir k\u00f6nnen sie durch Strukturvielfalt in unseren G\u00e4rten f\u00f6rdern. Sei es durch eine Benjeshecke, einen Totholzstapel, aufrechtstehendes Totholz, Steinhaufen, Trockenmauern, Insektenhotels, Sandarien, eine Schale Wasser oder eine Wildblumenwiese. Ganz wichtig ist das Anpflanzen von regionalen Wildpflanzen. Denn Wildpflanzen und Insekten haben sich gemeinsam \u00fcber Jahrhunderte entwickelt. Der jeweilige Zeitpunkt ihres Erscheinens ist perfekt aufeinander abgestimmt. Bestimmte Pflanzen geben bestimmten Insekten Nahrung oder bieten ihnen einen Nistplatz. Gerade unter den Wildbienen sind ein Drittel der Arten auf ganz bestimmte Pflanzen und ihre Pollen angewiesen. &nbsp; Auch drau\u00dfen auf der Fensterbank oder dem Balkon lassen sich kleine Inseln f\u00fcr Wildbienen anlegen. Sei es durch T\u00f6pfe mit Fr\u00fchbl\u00fchern wie der hohen Schl\u00fcsselblume oder dem wei\u00dfbl\u00fchenden Fr\u00fchlings-Krokus. Jeder Topf mit ungef\u00fcllten Bl\u00fcten heimischer Wildstauden ist eine Bereicherung f\u00fcr unsere Insekten. Obendrein sind Glockenblumen, Flockenblumen, Katzenminze, Natternkopf, Disteln, Schafgarbe oder Kornblumen auch noch sch\u00f6n anzuschauen. Vielleicht reicht der Platz sogar f\u00fcr einen Strauch wie der Kornelkirsche. Auch eine Bereicherung ist ein bepflanzter Miniteich beispielsweise in einer Zinkwanne. Aber auch ein Untersetzer mit Steinen und Wasser bietet Wildbienen eine wichtige Trinkstelle. &nbsp; &nbsp; Gartenhummel und Brandkraut\/Plomis, Foto: M. Evers &nbsp; Sandarium mit Nelken, Witwenblumen und Katzenminze, Foto: A. Zerfa\u00df &nbsp; Knautien-Sandbiene auf Witwenblume\/Kautia, Foto: A. Zerfa\u00df &nbsp;<\/p>\n","protected":false},"author":1,"featured_media":0,"parent":0,"menu_order":0,"comment_status":"closed","ping_status":"closed","template":"","meta":{"_bbp_topic_count":0,"_bbp_reply_count":0,"_bbp_total_topic_count":0,"_bbp_total_reply_count":0,"_bbp_voice_count":0,"_bbp_anonymous_reply_count":0,"_bbp_topic_count_hidden":0,"_bbp_reply_count_hidden":0,"_bbp_forum_subforum_count":0},"_links":{"self":[{"href":"https:\/\/imkerverein-lev.de\/index.php?rest_route=\/wp\/v2\/pages\/1392"}],"collection":[{"href":"https:\/\/imkerverein-lev.de\/index.php?rest_route=\/wp\/v2\/pages"}],"about":[{"href":"https:\/\/imkerverein-lev.de\/index.php?rest_route=\/wp\/v2\/types\/page"}],"author":[{"embeddable":true,"href":"https:\/\/imkerverein-lev.de\/index.php?rest_route=\/wp\/v2\/users\/1"}],"replies":[{"embeddable":true,"href":"https:\/\/imkerverein-lev.de\/index.php?rest_route=%2Fwp%2Fv2%2Fcomments&post=1392"}],"version-history":[{"count":15,"href":"https:\/\/imkerverein-lev.de\/index.php?rest_route=\/wp\/v2\/pages\/1392\/revisions"}],"predecessor-version":[{"id":2140,"href":"https:\/\/imkerverein-lev.de\/index.php?rest_route=\/wp\/v2\/pages\/1392\/revisions\/2140"}],"wp:attachment":[{"href":"https:\/\/imkerverein-lev.de\/index.php?rest_route=%2Fwp%2Fv2%2Fmedia&parent=1392"}],"curies":[{"name":"wp","href":"https:\/\/api.w.org\/{rel}","templated":true}]}}