{"id":152,"date":"2018-11-12T22:27:15","date_gmt":"2018-11-12T22:27:15","guid":{"rendered":"http:\/\/dragundo.de\/?page_id=152"},"modified":"2018-11-12T22:27:15","modified_gmt":"2018-11-12T22:27:15","slug":"imkern","status":"publish","type":"page","link":"https:\/\/imkerverein-lev.de\/?page_id=152","title":{"rendered":"Imkern"},"content":{"rendered":"<h5>Liebe Bieneninteressierte, Anf\u00e4nger und Jungimker,<img decoding=\"async\" loading=\"lazy\" class=\"alignright size-medium wp-image-345\" src=\"https:\/\/imkerverein-lev.de\/wp-content\/uploads\/2018\/11\/20181022_122740-300x225.jpg\" alt=\"\" width=\"300\" height=\"225\" srcset=\"https:\/\/imkerverein-lev.de\/wp-content\/uploads\/2018\/11\/20181022_122740-300x225.jpg 300w, https:\/\/imkerverein-lev.de\/wp-content\/uploads\/2018\/11\/20181022_122740-768x576.jpg 768w, https:\/\/imkerverein-lev.de\/wp-content\/uploads\/2018\/11\/20181022_122740.jpg 1000w\" sizes=\"(max-width: 300px) 100vw, 300px\" \/><\/h5>\n<p>auf den folgenden Seiten haben unsere Mitglieder die wichtigsten Inhalte zum sch\u00f6nsten Hobby der Welt kurz und pr\u00e4gnant zusammengefasst.<\/p>\n<p style=\"text-align: left;\">St\u00f6bern Sie durch das Grundwissen \u00fcber unsere Honigbienen, was das Bienenjahr f\u00fcr den Imker bereith\u00e4lt, welche Ger\u00e4tschaften ben\u00f6tigt werden und womit uns der Bien nach getaner Arbeit belohnt.<\/p>\n<p>Viel Spa\u00df beim Schm\u00f6kern!<\/p>\n","protected":false},"excerpt":{"rendered":"<p>Liebe Bieneninteressierte, Anf\u00e4nger und Jungimker, auf den folgenden Seiten haben unsere Mitglieder die wichtigsten Inhalte zum sch\u00f6nsten Hobby der Welt kurz und pr\u00e4gnant zusammengefasst. St\u00f6bern Sie durch das Grundwissen \u00fcber unsere Honigbienen, was das Bienenjahr f\u00fcr den Imker bereith\u00e4lt, welche Ger\u00e4tschaften ben\u00f6tigt werden und womit uns der Bien nach getaner Arbeit belohnt. Viel Spa\u00df beim Schm\u00f6kern!<\/p>\n","protected":false},"author":1,"featured_media":0,"parent":0,"menu_order":0,"comment_status":"closed","ping_status":"closed","template":"","meta":{"_bbp_topic_count":0,"_bbp_reply_count":0,"_bbp_total_topic_count":0,"_bbp_total_reply_count":0,"_bbp_voice_count":0,"_bbp_anonymous_reply_count":0,"_bbp_topic_count_hidden":0,"_bbp_reply_count_hidden":0,"_bbp_forum_subforum_count":0},"_links":{"self":[{"href":"https:\/\/imkerverein-lev.de\/index.php?rest_route=\/wp\/v2\/pages\/152"}],"collection":[{"href":"https:\/\/imkerverein-lev.de\/index.php?rest_route=\/wp\/v2\/pages"}],"about":[{"href":"https:\/\/imkerverein-lev.de\/index.php?rest_route=\/wp\/v2\/types\/page"}],"author":[{"embeddable":true,"href":"https:\/\/imkerverein-lev.de\/index.php?rest_route=\/wp\/v2\/users\/1"}],"replies":[{"embeddable":true,"href":"https:\/\/imkerverein-lev.de\/index.php?rest_route=%2Fwp%2Fv2%2Fcomments&post=152"}],"version-history":[{"count":0,"href":"https:\/\/imkerverein-lev.de\/index.php?rest_route=\/wp\/v2\/pages\/152\/revisions"}],"wp:attachment":[{"href":"https:\/\/imkerverein-lev.de\/index.php?rest_route=%2Fwp%2Fv2%2Fmedia&parent=152"}],"curies":[{"name":"wp","href":"https:\/\/api.w.org\/{rel}","templated":true}]}}