{"id":155,"date":"2018-11-12T22:27:15","date_gmt":"2018-11-12T22:27:15","guid":{"rendered":"http:\/\/dragundo.de\/?page_id=155"},"modified":"2019-05-06T12:13:41","modified_gmt":"2019-05-06T11:13:41","slug":"geraetschaften","status":"publish","type":"page","link":"https:\/\/imkerverein-lev.de\/?page_id=155","title":{"rendered":"Ger\u00e4tschaften"},"content":{"rendered":"<h3>F\u00fcr Neuimker<\/h3>\n<p>F\u00fcr Neuimker gibt es ein Grundequipment, welches neben Bienen und deren Behausung unverzichtbar ist.<\/p>\n<p>&nbsp;<\/p>\n<h5>Smoker<\/h5>\n<p><img decoding=\"async\" loading=\"lazy\" class=\"alignright size-medium wp-image-563\" src=\"https:\/\/imkerverein-lev.de\/wp-content\/uploads\/2018\/11\/smoker-300x246.png\" alt=\"\" width=\"300\" height=\"246\" srcset=\"https:\/\/imkerverein-lev.de\/wp-content\/uploads\/2018\/11\/smoker-300x246.png 300w, https:\/\/imkerverein-lev.de\/wp-content\/uploads\/2018\/11\/smoker.png 740w\" sizes=\"(max-width: 300px) 100vw, 300px\" \/><\/p>\n<p>Der Smoker ist ein Blasebalg, mit dem man Rauch auf die Bienen gibt, um diese, vereinfacht gesagt, zu beruhigen.<br \/>\nDie etwas komplizierte Erkl\u00e4rung lautet wie folgt:<br \/>\nDurch den Rauch werden die Bienen zun\u00e4chst vor Feuer gewarnt. Als Reaktion darauf pumpen sie ihre Honigm\u00e4gen voll mit Honig. Eine satte Biene ist auch eine ruhige Biene!<br \/>\nEin Smoker kostet, je nach Ausf\u00fchrung, zwischen 15\u20ac und 70\u20ac.<br \/>\nZus\u00e4tzlich braucht man noch Brennmaterial, wie beispielsweise Holzpellets, S\u00e4gesp\u00e4ne, getrocknete Gr\u00e4ser und Kr\u00e4uter o.\u00e4.<\/p>\n<h5><img decoding=\"async\" loading=\"lazy\" class=\"alignleft size-medium wp-image-564\" src=\"https:\/\/imkerverein-lev.de\/wp-content\/uploads\/2018\/11\/IMG_2452-300x292.jpg\" alt=\"\" width=\"300\" height=\"292\" srcset=\"https:\/\/imkerverein-lev.de\/wp-content\/uploads\/2018\/11\/IMG_2452-300x292.jpg 300w, https:\/\/imkerverein-lev.de\/wp-content\/uploads\/2018\/11\/IMG_2452.jpg 743w\" sizes=\"(max-width: 300px) 100vw, 300px\" \/>Stockmei\u00dfel<\/h5>\n<p>H\u00e4ufig ist es nur mit Stockmei\u00dfel m\u00f6glich, die R\u00e4hmchen in der Bienenbeute zu lockern.<br \/>\nWie im Beitrag <a href=\"https:\/\/imkerverein-lev.de\/?page_id=157\">Gutes von den Bienen<\/a> unter &#8220;Propolis&#8221; erl\u00e4utert, \u00fcberziehen die Bienen den Innenraum des Stocks mit dieser klebrigen Masse, die nach einiger Zeit steinhart wird.<br \/>\nWollen wir jetzt zur Kontrolle an unsere Waben, hat der Stockmei\u00dfel seinen Auftritt.<br \/>\nEin Stockmei\u00dfel kostet zwischen 5\u20ac und 15\u20ac.<\/p>\n<p>&nbsp;<\/p>\n<h5>Bienenbesen<\/h5>\n<p>Mit einem Bienenbesen kann man Waben von Bienen befreien, bespielsweise zur genauen Kontrolle der Brut oder zur Ernte.<br \/>\nMan kann ihn f\u00fcr 3\u20ac bis 10\u20ac erwerben.<\/p>\n<p>&nbsp;<\/p>\n<h5>Schutzaus\u00fcstung<\/h5>\n<p>Hierzu geh\u00f6ren mindestens Handschuhe, geschlossenes Schuhwerk, lange \u00c4rmel und ein Schleier als Kopfschutz.<br \/>\nJe nach Erfahrung ist mehr oder weniger Schutzkleidung n\u00f6tig, dennoch sollte sie aus Sicherheitsgr\u00fcnden immer griffbereit sein.<br \/>\nHandschuhe bekommt man f\u00fcr 15\u20ac bis 20\u20ac, ein Schutzhemd mit Schleier f\u00fcr 30\u20ac &#8211; 50\u20ac, einen Hut mit Schleier f\u00fcr 20\u20ac- bis 50\u20ac.<\/p>\n<p>&nbsp;<\/p>\n<h3>Danach<\/h3>\n<p><img decoding=\"async\" loading=\"lazy\" class=\"size-medium wp-image-380 alignright\" src=\"https:\/\/imkerverein-lev.de\/wp-content\/uploads\/2018\/11\/entdeckeln-300x169.jpg\" alt=\"\" width=\"300\" height=\"169\" srcset=\"https:\/\/imkerverein-lev.de\/wp-content\/uploads\/2018\/11\/entdeckeln-300x169.jpg 300w, https:\/\/imkerverein-lev.de\/wp-content\/uploads\/2018\/11\/entdeckeln-768x432.jpg 768w, https:\/\/imkerverein-lev.de\/wp-content\/uploads\/2018\/11\/entdeckeln-1024x576.jpg 1024w, https:\/\/imkerverein-lev.de\/wp-content\/uploads\/2018\/11\/entdeckeln.jpg 1328w\" sizes=\"(max-width: 300px) 100vw, 300px\" \/><\/p>\n<p>Sp\u00e4testens im zweiten Imkerjahr, wenn die Ableger zu Wirtschaftsv\u00f6lkern geworden sind, ben\u00f6tigt der Imker weiteres Equipment.<\/p>\n<p>F\u00fcr die Honigernte bedarf es eines Entdeckelungsgeschirrs (ca. 95\u20ac bis 150\u20ac), einer Entdeckelungsgabel (7\u20ac bis 15\u20ac) oder eines Entdeckelungsmessers (12\u20ac bis 30\u20ac), um die Waben von ihren Wachsdeckeln zu befreien.<\/p>\n<p>Au\u00dferdem ben\u00f6tigt man lebensmittelechte Eimer mit dichten Deckeln (ca. 3\u20ac pro St\u00fcck), zwei Satz Siebe (grob und fein), f\u00fcr 12\u20ac bis 30\u20ac und nat\u00fcrlich eine Honigschleuder.<br \/>\nDiese kann man ab 300\u20ac bis Ende offen erwerben, je nach Gr\u00f6\u00dfe der angestrebten Imkerei.<br \/>\nUnsere Mitglieder k\u00f6nnen nat\u00fcrlich von unserer Vereinsschleuder profitieren.<br \/>\nUm vor der Ernte sicher zu sein, dass der Wassergehalt im Honig niedrig genug ist, ben\u00f6tigt der Imker ein Refraktometer. Dies kann man f\u00fcr 70\u20ac bis 400\u20ac im Fachhandel finden. F\u00fcr unsere Mitglieder haben wir ein Refraktometer im Vereinsinventar, das ausgeliehen werden kann.<\/p>\n<p>M\u00f6chte man den Honig verkaufen, bedarf es nat\u00fcrlich weiterer Utensilien wie beispielsweise Abf\u00fcllk\u00fcbeln (90\u20ac bis 300\u20ac) oder einer geeichten Waage (230\u20ac bis 350\u20ac), die wir f\u00fcr unsere Mitglieder zum Verleih anbieten.<\/p>\n<h3><img decoding=\"async\" loading=\"lazy\" class=\"size-medium wp-image-367 alignleft\" src=\"https:\/\/imkerverein-lev.de\/wp-content\/uploads\/2018\/11\/schwarmfang-269x300.jpg\" alt=\"\" width=\"269\" height=\"300\" srcset=\"https:\/\/imkerverein-lev.de\/wp-content\/uploads\/2018\/11\/schwarmfang-269x300.jpg 269w, https:\/\/imkerverein-lev.de\/wp-content\/uploads\/2018\/11\/schwarmfang-768x857.jpg 768w, https:\/\/imkerverein-lev.de\/wp-content\/uploads\/2018\/11\/schwarmfang-918x1024.jpg 918w\" sizes=\"(max-width: 269px) 100vw, 269px\" \/><\/h3>\n<p>Viele Imker begn\u00fcgen sich nicht mit der Vermehrung ihrer V\u00f6lker via Ableger- oder Kunstschwarmbildung, sondern gehen auch auf Schwarmfang.<br \/>\nDer findige Imker muss hier unter Umst\u00e4nden nicht viel investieren.<br \/>\nSelbstverst\u00e4ndlich kann man eine Schwarmfangbox f\u00fcr 20\u20ac- bis 50\u20ac kaufen, aber wie rechts auf den Foto zu sehen, kann man auch kreativere L\u00f6sungen finden.<\/p>\n<p>&nbsp;<\/p>\n<p>All diese Ger\u00e4tschaften k\u00f6nnen Sie regional vor Ort einkaufen. Schauen Sie f\u00fcr die Bezugsadressen einfach <a href=\"https:\/\/imkerverein-lev.de\/?page_id=574\">hier<\/a>.<\/p>\n<p>&nbsp;<\/p>\n<p>&nbsp;<\/p>\n<h3><\/h3>\n","protected":false},"excerpt":{"rendered":"<p>F\u00fcr Neuimker F\u00fcr Neuimker gibt es ein Grundequipment, welches neben Bienen und deren Behausung unverzichtbar ist. &nbsp; Smoker Der Smoker ist ein Blasebalg, mit dem man Rauch auf die Bienen gibt, um diese, vereinfacht gesagt, zu beruhigen. Die etwas komplizierte Erkl\u00e4rung lautet wie folgt: Durch den Rauch werden die Bienen zun\u00e4chst vor Feuer gewarnt. Als Reaktion darauf pumpen sie ihre Honigm\u00e4gen voll mit Honig. Eine satte Biene ist auch eine ruhige Biene! Ein Smoker kostet, je nach Ausf\u00fchrung, zwischen 15\u20ac und 70\u20ac. Zus\u00e4tzlich braucht man noch Brennmaterial, wie beispielsweise Holzpellets, S\u00e4gesp\u00e4ne, getrocknete Gr\u00e4ser und Kr\u00e4uter o.\u00e4. Stockmei\u00dfel H\u00e4ufig ist es nur mit Stockmei\u00dfel m\u00f6glich, die R\u00e4hmchen in der Bienenbeute zu lockern. Wie im Beitrag Gutes von den Bienen unter &#8220;Propolis&#8221; erl\u00e4utert, \u00fcberziehen die Bienen den Innenraum des Stocks mit dieser klebrigen Masse, die nach einiger Zeit steinhart wird. Wollen wir jetzt zur Kontrolle an unsere Waben, hat der Stockmei\u00dfel seinen Auftritt. Ein Stockmei\u00dfel kostet zwischen 5\u20ac und 15\u20ac. &nbsp; Bienenbesen Mit einem Bienenbesen kann man Waben von Bienen befreien, bespielsweise zur genauen Kontrolle der Brut oder zur Ernte. Man kann ihn f\u00fcr 3\u20ac bis 10\u20ac erwerben. &nbsp; Schutzaus\u00fcstung Hierzu geh\u00f6ren mindestens Handschuhe, geschlossenes Schuhwerk, lange \u00c4rmel und ein Schleier als Kopfschutz. Je nach Erfahrung ist mehr oder weniger Schutzkleidung n\u00f6tig, dennoch sollte sie aus Sicherheitsgr\u00fcnden immer griffbereit sein. Handschuhe bekommt man f\u00fcr 15\u20ac bis 20\u20ac, ein Schutzhemd mit Schleier f\u00fcr 30\u20ac &#8211; 50\u20ac, einen Hut mit Schleier f\u00fcr 20\u20ac- bis 50\u20ac. &nbsp; Danach Sp\u00e4testens im zweiten Imkerjahr, wenn die Ableger zu Wirtschaftsv\u00f6lkern geworden sind, ben\u00f6tigt der Imker weiteres Equipment. F\u00fcr die Honigernte bedarf es eines Entdeckelungsgeschirrs (ca. 95\u20ac bis 150\u20ac), einer Entdeckelungsgabel (7\u20ac bis 15\u20ac) oder eines Entdeckelungsmessers (12\u20ac bis 30\u20ac), um die Waben von ihren Wachsdeckeln zu befreien. Au\u00dferdem ben\u00f6tigt man lebensmittelechte Eimer mit dichten Deckeln (ca. 3\u20ac pro St\u00fcck), zwei Satz Siebe (grob und fein), f\u00fcr 12\u20ac bis 30\u20ac und nat\u00fcrlich eine Honigschleuder. Diese kann man ab 300\u20ac bis Ende offen erwerben, je nach Gr\u00f6\u00dfe der angestrebten Imkerei. Unsere Mitglieder k\u00f6nnen nat\u00fcrlich von unserer Vereinsschleuder profitieren. Um vor der Ernte sicher zu sein, dass der Wassergehalt im Honig niedrig genug ist, ben\u00f6tigt der Imker ein Refraktometer. Dies kann man f\u00fcr 70\u20ac bis 400\u20ac im Fachhandel finden. F\u00fcr unsere Mitglieder haben wir ein Refraktometer im Vereinsinventar, das ausgeliehen werden kann. M\u00f6chte man den Honig verkaufen, bedarf es nat\u00fcrlich weiterer Utensilien wie beispielsweise Abf\u00fcllk\u00fcbeln (90\u20ac bis 300\u20ac) oder einer geeichten Waage (230\u20ac bis 350\u20ac), die wir f\u00fcr unsere Mitglieder zum Verleih anbieten. Viele Imker begn\u00fcgen sich nicht mit der Vermehrung ihrer V\u00f6lker via Ableger- oder Kunstschwarmbildung, sondern gehen auch auf Schwarmfang. Der findige Imker muss hier unter Umst\u00e4nden nicht viel investieren. Selbstverst\u00e4ndlich kann man eine Schwarmfangbox f\u00fcr 20\u20ac- bis 50\u20ac kaufen, aber wie rechts auf den Foto zu sehen, kann man auch kreativere L\u00f6sungen finden. &nbsp; All diese Ger\u00e4tschaften k\u00f6nnen Sie regional vor Ort einkaufen. Schauen Sie f\u00fcr die Bezugsadressen einfach hier. &nbsp; &nbsp;<\/p>\n","protected":false},"author":1,"featured_media":0,"parent":0,"menu_order":0,"comment_status":"closed","ping_status":"closed","template":"","meta":{"_bbp_topic_count":0,"_bbp_reply_count":0,"_bbp_total_topic_count":0,"_bbp_total_reply_count":0,"_bbp_voice_count":0,"_bbp_anonymous_reply_count":0,"_bbp_topic_count_hidden":0,"_bbp_reply_count_hidden":0,"_bbp_forum_subforum_count":0},"_links":{"self":[{"href":"https:\/\/imkerverein-lev.de\/index.php?rest_route=\/wp\/v2\/pages\/155"}],"collection":[{"href":"https:\/\/imkerverein-lev.de\/index.php?rest_route=\/wp\/v2\/pages"}],"about":[{"href":"https:\/\/imkerverein-lev.de\/index.php?rest_route=\/wp\/v2\/types\/page"}],"author":[{"embeddable":true,"href":"https:\/\/imkerverein-lev.de\/index.php?rest_route=\/wp\/v2\/users\/1"}],"replies":[{"embeddable":true,"href":"https:\/\/imkerverein-lev.de\/index.php?rest_route=%2Fwp%2Fv2%2Fcomments&post=155"}],"version-history":[{"count":4,"href":"https:\/\/imkerverein-lev.de\/index.php?rest_route=\/wp\/v2\/pages\/155\/revisions"}],"predecessor-version":[{"id":1272,"href":"https:\/\/imkerverein-lev.de\/index.php?rest_route=\/wp\/v2\/pages\/155\/revisions\/1272"}],"wp:attachment":[{"href":"https:\/\/imkerverein-lev.de\/index.php?rest_route=%2Fwp%2Fv2%2Fmedia&parent=155"}],"curies":[{"name":"wp","href":"https:\/\/api.w.org\/{rel}","templated":true}]}}