{"id":21,"date":"2018-11-11T19:03:01","date_gmt":"2018-11-11T19:03:01","guid":{"rendered":"http:\/\/dragundo.de\/?page_id=21"},"modified":"2024-07-22T10:36:35","modified_gmt":"2024-07-22T09:36:35","slug":"unser-bienengarten","status":"publish","type":"page","link":"https:\/\/imkerverein-lev.de\/?page_id=21","title":{"rendered":"Unser Bienenstand im Pavillon-Garten"},"content":{"rendered":"<p><img decoding=\"async\" loading=\"lazy\" class=\"wp-image-2060 size-full alignleft\" src=\"https:\/\/imkerverein-lev.de\/wp-content\/uploads\/2024\/06\/Bild1.jpg\" alt=\"\" width=\"190\" height=\"225\" \/><\/p>\n<p>Im S\u00fcden des Neulandparks an der Rheinallee finden Sie den\u00a0<a href=\"https:\/\/www.leverkusen.de\/leben-in-lev\/stadtportraet\/pavillon-garten.php\">Pavillon-Garten<\/a> der Stadt Leverkusen mit unserem Bienenhaus, Schaubeute und Infopavillon.<\/p>\n<p>Der Pavillon-Garten ist jeden Sonntag von<strong> April bis September<\/strong> im Zeitraum von 14:00 Uhr &#8211; 17:00 Uhr f\u00fcr interessierte Besucher ge\u00f6ffnet.<\/p>\n<p style=\"text-align: left;\"><img decoding=\"async\" loading=\"lazy\" class=\"wp-image-2061 size-medium alignright\" src=\"https:\/\/imkerverein-lev.de\/wp-content\/uploads\/2024\/06\/Bild2-300x225.jpg\" alt=\"\" width=\"300\" height=\"225\" srcset=\"https:\/\/imkerverein-lev.de\/wp-content\/uploads\/2024\/06\/Bild2-300x225.jpg 300w, https:\/\/imkerverein-lev.de\/wp-content\/uploads\/2024\/06\/Bild2.jpg 632w\" sizes=\"(max-width: 300px) 100vw, 300px\" \/>Au\u00dferhalb der \u00f6ffentlichen Besucherzeiten k\u00f6nnen in den Monaten Mai bis September Kinderg\u00e4rten und Schulklassen oder interessierten Gruppen nach Terminabsprache durch einen Imker in die Welt der Bienen eingef\u00fchrt werden.<\/p>\n<p style=\"text-align: left;\">Zudem dient der Pavillon-Garten dem Verein als <a href=\"https:\/\/imkerverein-lev.de\/?page_id=19\">Schulungsort<\/a>.<br \/>\nIm Infopavillon treffen sich unsere Vereinsmitglieder zu Veranstaltungen wie z. B. dem gemeinsamen Mittelwandgie\u00dfen oder einem Imkerkl\u00f6n.<\/p>\n","protected":false},"excerpt":{"rendered":"<p>Im S\u00fcden des Neulandparks an der Rheinallee finden Sie den\u00a0Pavillon-Garten der Stadt Leverkusen mit unserem Bienenhaus, Schaubeute und Infopavillon. Der Pavillon-Garten ist jeden Sonntag von April bis September im Zeitraum von 14:00 Uhr &#8211; 17:00 Uhr f\u00fcr interessierte Besucher ge\u00f6ffnet. Au\u00dferhalb der \u00f6ffentlichen Besucherzeiten k\u00f6nnen in den Monaten Mai bis September Kinderg\u00e4rten und Schulklassen oder interessierten Gruppen nach Terminabsprache durch einen Imker in die Welt der Bienen eingef\u00fchrt werden. Zudem dient der Pavillon-Garten dem Verein als Schulungsort. Im Infopavillon treffen sich unsere Vereinsmitglieder zu Veranstaltungen wie z. B. dem gemeinsamen Mittelwandgie\u00dfen oder einem Imkerkl\u00f6n.<\/p>\n","protected":false},"author":1,"featured_media":0,"parent":0,"menu_order":0,"comment_status":"closed","ping_status":"closed","template":"","meta":{"_bbp_topic_count":0,"_bbp_reply_count":0,"_bbp_total_topic_count":0,"_bbp_total_reply_count":0,"_bbp_voice_count":0,"_bbp_anonymous_reply_count":0,"_bbp_topic_count_hidden":0,"_bbp_reply_count_hidden":0,"_bbp_forum_subforum_count":0},"_links":{"self":[{"href":"https:\/\/imkerverein-lev.de\/index.php?rest_route=\/wp\/v2\/pages\/21"}],"collection":[{"href":"https:\/\/imkerverein-lev.de\/index.php?rest_route=\/wp\/v2\/pages"}],"about":[{"href":"https:\/\/imkerverein-lev.de\/index.php?rest_route=\/wp\/v2\/types\/page"}],"author":[{"embeddable":true,"href":"https:\/\/imkerverein-lev.de\/index.php?rest_route=\/wp\/v2\/users\/1"}],"replies":[{"embeddable":true,"href":"https:\/\/imkerverein-lev.de\/index.php?rest_route=%2Fwp%2Fv2%2Fcomments&post=21"}],"version-history":[{"count":10,"href":"https:\/\/imkerverein-lev.de\/index.php?rest_route=\/wp\/v2\/pages\/21\/revisions"}],"predecessor-version":[{"id":2069,"href":"https:\/\/imkerverein-lev.de\/index.php?rest_route=\/wp\/v2\/pages\/21\/revisions\/2069"}],"wp:attachment":[{"href":"https:\/\/imkerverein-lev.de\/index.php?rest_route=%2Fwp%2Fv2%2Fmedia&parent=21"}],"curies":[{"name":"wp","href":"https:\/\/api.w.org\/{rel}","templated":true}]}}