{"id":22,"date":"2018-11-11T19:03:01","date_gmt":"2018-11-11T19:03:01","guid":{"rendered":"http:\/\/dragundo.de\/?page_id=22"},"modified":"2025-06-17T18:48:09","modified_gmt":"2025-06-17T17:48:09","slug":"spenden","status":"publish","type":"page","link":"https:\/\/imkerverein-lev.de\/?page_id=22","title":{"rendered":"Spenden"},"content":{"rendered":"<h5>Wir freuen uns sehr \u00fcber Ihre Unterst\u00fctzung!<\/h5>\n<p>Mit Ihrer Spende unterst\u00fctzen Sie unseren ehrenamtlichen Einsatz in punkto:<br \/>\n&#8211; Bienenhaltung, Bienenzucht und ein aktiver Austausch dar\u00fcber<br \/>\n&#8211; Schutz von (Wild-)Bienen<br \/>\n&#8211; Erhaltung der Artenvielfalt unserer Flora und Fauna in Leverkusen und Umgebung<br \/>\n&#8211; Schulung und Begleitung von Anf\u00e4ngern und Jungimkern<\/p>\n<p>Vielen Dank!<\/p>\n<p><img decoding=\"async\" loading=\"lazy\" class=\"alignleft size-medium wp-image-260\" src=\"https:\/\/imkerverein-lev.de\/wp-content\/uploads\/2018\/11\/IMG_2458-300x294.jpg\" alt=\"\" width=\"300\" height=\"294\" srcset=\"https:\/\/imkerverein-lev.de\/wp-content\/uploads\/2018\/11\/IMG_2458-300x294.jpg 300w, https:\/\/imkerverein-lev.de\/wp-content\/uploads\/2018\/11\/IMG_2458.jpg 750w\" sizes=\"(max-width: 300px) 100vw, 300px\" \/><\/p>\n<p>Spendenkonto<\/p>\n<p>Imkerverein Leverkusen e.V.<br \/>\nSparkasse Leverkusen<br \/>\nIBAN: DE32375514400100027721<br \/>\nBIC: WELADEDLLEV<\/p>\n<p>Zu Fragen bez\u00fcglich der Spenden wenden Sie sich bitte an unseren 1. Kassierer <a href=\"mailto:kassierer1@imkerverein-lev.de\">Dr. Axel von Platen<\/a>.<\/p>\n","protected":false},"excerpt":{"rendered":"<p>Wir freuen uns sehr \u00fcber Ihre Unterst\u00fctzung! Mit Ihrer Spende unterst\u00fctzen Sie unseren ehrenamtlichen Einsatz in punkto: &#8211; Bienenhaltung, Bienenzucht und ein aktiver Austausch dar\u00fcber &#8211; Schutz von (Wild-)Bienen &#8211; Erhaltung der Artenvielfalt unserer Flora und Fauna in Leverkusen und Umgebung &#8211; Schulung und Begleitung von Anf\u00e4ngern und Jungimkern Vielen Dank! Spendenkonto Imkerverein Leverkusen e.V. Sparkasse Leverkusen IBAN: DE32375514400100027721 BIC: WELADEDLLEV Zu Fragen bez\u00fcglich der Spenden wenden Sie sich bitte an unseren 1. Kassierer Dr. Axel von Platen.<\/p>\n","protected":false},"author":1,"featured_media":0,"parent":0,"menu_order":0,"comment_status":"closed","ping_status":"closed","template":"","meta":{"_bbp_topic_count":0,"_bbp_reply_count":0,"_bbp_total_topic_count":0,"_bbp_total_reply_count":0,"_bbp_voice_count":0,"_bbp_anonymous_reply_count":0,"_bbp_topic_count_hidden":0,"_bbp_reply_count_hidden":0,"_bbp_forum_subforum_count":0},"_links":{"self":[{"href":"https:\/\/imkerverein-lev.de\/index.php?rest_route=\/wp\/v2\/pages\/22"}],"collection":[{"href":"https:\/\/imkerverein-lev.de\/index.php?rest_route=\/wp\/v2\/pages"}],"about":[{"href":"https:\/\/imkerverein-lev.de\/index.php?rest_route=\/wp\/v2\/types\/page"}],"author":[{"embeddable":true,"href":"https:\/\/imkerverein-lev.de\/index.php?rest_route=\/wp\/v2\/users\/1"}],"replies":[{"embeddable":true,"href":"https:\/\/imkerverein-lev.de\/index.php?rest_route=%2Fwp%2Fv2%2Fcomments&post=22"}],"version-history":[{"count":3,"href":"https:\/\/imkerverein-lev.de\/index.php?rest_route=\/wp\/v2\/pages\/22\/revisions"}],"predecessor-version":[{"id":2097,"href":"https:\/\/imkerverein-lev.de\/index.php?rest_route=\/wp\/v2\/pages\/22\/revisions\/2097"}],"wp:attachment":[{"href":"https:\/\/imkerverein-lev.de\/index.php?rest_route=%2Fwp%2Fv2%2Fmedia&parent=22"}],"curies":[{"name":"wp","href":"https:\/\/api.w.org\/{rel}","templated":true}]}}