{"id":36,"date":"2018-11-11T19:09:47","date_gmt":"2018-11-11T19:09:47","guid":{"rendered":"http:\/\/dragundo.de\/?page_id=36"},"modified":"2024-03-30T10:21:50","modified_gmt":"2024-03-30T09:21:50","slug":"unser-verein","status":"publish","type":"page","link":"https:\/\/imkerverein-lev.de\/?page_id=36","title":{"rendered":"Unser Verein"},"content":{"rendered":"<p><strong><img decoding=\"async\" loading=\"lazy\" class=\"alignleft size-medium wp-image-257\" src=\"https:\/\/imkerverein-lev.de\/wp-content\/uploads\/2018\/11\/IMG_2463-300x296.jpg\" alt=\"\" width=\"300\" height=\"296\" srcset=\"https:\/\/imkerverein-lev.de\/wp-content\/uploads\/2018\/11\/IMG_2463-300x296.jpg 300w, https:\/\/imkerverein-lev.de\/wp-content\/uploads\/2018\/11\/IMG_2463-100x100.jpg 100w, https:\/\/imkerverein-lev.de\/wp-content\/uploads\/2018\/11\/IMG_2463.jpg 734w\" sizes=\"(max-width: 300px) 100vw, 300px\" \/><\/strong><\/p>\n<p style=\"text-align: left;\">Unser Verein wurde 1899 gegr\u00fcndet und besteht in seiner heutigen Form seit 1970.<br \/>\nSeit Beginn zeichnet er sich durch einen freundschaftlichen und regen Austausch unter Altimkern, Anf\u00e4ngern und Bieneninteressierten aus.<br \/>\nNicht nur die Zuchtziele mit der Carnica Sklenar stehen bei uns im Vordergrund, der st\u00e4ndige Dialog \u00fcber die moderne Imkerei und neueste Erkenntnisse aus der Wissenschaft sind uns genauso wichtig.<\/p>\n<p style=\"text-align: left;\">Bei unseren monatlichen Versammlungen findet neben anregenden Gespr\u00e4chen zwischen Jungimkern, alten Hasen und G\u00e4sten au\u00dferdem ein interessanter Vortrag statt. Externe Referenten oder fachkundige Vereinsmitglieder berichten kurzweilig \u00fcber verschiedenste Themen rund um Bienen, Imkern und Naturschutz.<br \/>\nDie n\u00e4chsten Termine finden Sie <a href=\"https:\/\/imkerverein-lev.de\/?page_id=37\">hier<\/a>.<\/p>\n<p style=\"text-align: left;\">Als gemeinn\u00fctzig anerkannter Verein liegt uns neben dem Schutz der Honigbiene, der zahlreichen Wildbienenarten und der Pflege unseres <a href=\"https:\/\/imkerverein-lev.de\/?page_id=21\">Bienengartens<\/a> besonders die Unterst\u00fctzung und <a href=\"https:\/\/imkerverein-lev.de\/?page_id=19\">Schulung<\/a> von Jungimkern und Anf\u00e4ngern sehr am Herzen.<\/p>\n<p style=\"text-align: left;\">F\u00fcr unsere Mitglieder bieten wir eine umfangreiche Auswahl an Ger\u00e4tschaften, die zur Ausleihe bereit stehen.<\/p>\n<p style=\"text-align: left;\"><img decoding=\"async\" loading=\"lazy\" class=\"size-medium wp-image-771 alignright\" src=\"https:\/\/imkerverein-lev.de\/wp-content\/uploads\/2018\/12\/macro_bienen_auf_wabe_009-300x203.jpg\" alt=\"\" width=\"300\" height=\"203\" srcset=\"https:\/\/imkerverein-lev.de\/wp-content\/uploads\/2018\/12\/macro_bienen_auf_wabe_009-300x203.jpg 300w, https:\/\/imkerverein-lev.de\/wp-content\/uploads\/2018\/12\/macro_bienen_auf_wabe_009-768x519.jpg 768w, https:\/\/imkerverein-lev.de\/wp-content\/uploads\/2018\/12\/macro_bienen_auf_wabe_009-1024x693.jpg 1024w\" sizes=\"(max-width: 300px) 100vw, 300px\" \/><\/p>\n<p style=\"text-align: left;\">Eines unserer wichtigsten Projekte, das von Rudi Bauer betreut wird, ist unsere Inselbelegstelle auf <a href=\"https:\/\/imkerverein-lev.de\/?page_id=526\">Borkum<\/a>.<\/p>\n<p style=\"text-align: left;\"><img decoding=\"async\" loading=\"lazy\" class=\"alignleft size-medium wp-image-775\" src=\"https:\/\/imkerverein-lev.de\/wp-content\/uploads\/2018\/12\/wasserholer_001-197x300.jpg\" alt=\"\" width=\"197\" height=\"300\" srcset=\"https:\/\/imkerverein-lev.de\/wp-content\/uploads\/2018\/12\/wasserholer_001-197x300.jpg 197w, https:\/\/imkerverein-lev.de\/wp-content\/uploads\/2018\/12\/wasserholer_001-768x1168.jpg 768w, https:\/\/imkerverein-lev.de\/wp-content\/uploads\/2018\/12\/wasserholer_001-673x1024.jpg 673w\" sizes=\"(max-width: 197px) 100vw, 197px\" \/><\/p>\n<p style=\"text-align: left;\">In unserem Verein gibt es etliche Imker mit Fachwissen, welches durch Schulungen oder jahrelange Erfahrung praxiserprobt ist. Eine \u00dcbersicht unserer Spezialisten und wer f\u00fcr was zust\u00e4ndig ist, finden Sie <a href=\"https:\/\/imkerverein-lev.de\/?page_id=18\">hier<\/a>.<\/p>\n","protected":false},"excerpt":{"rendered":"<p>Unser Verein wurde 1899 gegr\u00fcndet und besteht in seiner heutigen Form seit 1970. Seit Beginn zeichnet er sich durch einen freundschaftlichen und regen Austausch unter Altimkern, Anf\u00e4ngern und Bieneninteressierten aus. Nicht nur die Zuchtziele mit der Carnica Sklenar stehen bei uns im Vordergrund, der st\u00e4ndige Dialog \u00fcber die moderne Imkerei und neueste Erkenntnisse aus der Wissenschaft sind uns genauso wichtig. Bei unseren monatlichen Versammlungen findet neben anregenden Gespr\u00e4chen zwischen Jungimkern, alten Hasen und G\u00e4sten au\u00dferdem ein interessanter Vortrag statt. Externe Referenten oder fachkundige Vereinsmitglieder berichten kurzweilig \u00fcber verschiedenste Themen rund um Bienen, Imkern und Naturschutz. Die n\u00e4chsten Termine finden Sie hier. Als gemeinn\u00fctzig anerkannter Verein liegt uns neben dem Schutz der Honigbiene, der zahlreichen Wildbienenarten und der Pflege unseres Bienengartens besonders die Unterst\u00fctzung und Schulung von Jungimkern und Anf\u00e4ngern sehr am Herzen. F\u00fcr unsere Mitglieder bieten wir eine umfangreiche Auswahl an Ger\u00e4tschaften, die zur Ausleihe bereit stehen. Eines unserer wichtigsten Projekte, das von Rudi Bauer betreut wird, ist unsere Inselbelegstelle auf Borkum. In unserem Verein gibt es etliche Imker mit Fachwissen, welches durch Schulungen oder jahrelange Erfahrung praxiserprobt ist. Eine \u00dcbersicht unserer Spezialisten und wer f\u00fcr was zust\u00e4ndig ist, finden Sie hier.<\/p>\n","protected":false},"author":1,"featured_media":0,"parent":0,"menu_order":0,"comment_status":"closed","ping_status":"closed","template":"","meta":{"_bbp_topic_count":0,"_bbp_reply_count":0,"_bbp_total_topic_count":0,"_bbp_total_reply_count":0,"_bbp_voice_count":0,"_bbp_anonymous_reply_count":0,"_bbp_topic_count_hidden":0,"_bbp_reply_count_hidden":0,"_bbp_forum_subforum_count":0},"_links":{"self":[{"href":"https:\/\/imkerverein-lev.de\/index.php?rest_route=\/wp\/v2\/pages\/36"}],"collection":[{"href":"https:\/\/imkerverein-lev.de\/index.php?rest_route=\/wp\/v2\/pages"}],"about":[{"href":"https:\/\/imkerverein-lev.de\/index.php?rest_route=\/wp\/v2\/types\/page"}],"author":[{"embeddable":true,"href":"https:\/\/imkerverein-lev.de\/index.php?rest_route=\/wp\/v2\/users\/1"}],"replies":[{"embeddable":true,"href":"https:\/\/imkerverein-lev.de\/index.php?rest_route=%2Fwp%2Fv2%2Fcomments&post=36"}],"version-history":[{"count":7,"href":"https:\/\/imkerverein-lev.de\/index.php?rest_route=\/wp\/v2\/pages\/36\/revisions"}],"predecessor-version":[{"id":2036,"href":"https:\/\/imkerverein-lev.de\/index.php?rest_route=\/wp\/v2\/pages\/36\/revisions\/2036"}],"wp:attachment":[{"href":"https:\/\/imkerverein-lev.de\/index.php?rest_route=%2Fwp%2Fv2%2Fmedia&parent=36"}],"curies":[{"name":"wp","href":"https:\/\/api.w.org\/{rel}","templated":true}]}}