{"id":38,"date":"2018-11-11T19:09:47","date_gmt":"2018-11-11T19:09:47","guid":{"rendered":"http:\/\/dragundo.de\/?page_id=38"},"modified":"2026-02-07T10:12:58","modified_gmt":"2026-02-07T09:12:58","slug":"mitglied-werden","status":"publish","type":"page","link":"https:\/\/imkerverein-lev.de\/?page_id=38","title":{"rendered":"Mitglied werden"},"content":{"rendered":"<p>Unser Verein lebt von engagierten Mitgliedern, die sich auf regen Austausch und gemeinsame Aktionen freuen.<br \/>\nVon Altimkern mit jahrzehntelanger Erfahrung, \u00fcber Jungimker bis hin zu absoluten Anf\u00e4ngern ohne Bienenerfahrung &#8211; bei uns ist jeder herzlich willkommen!<\/p>\n<p>Einen Antrag auf Mitgliedschaft erhalten Sie beim Vorstand, auf unseren monatlichen Versammlungen oder zum Download <a href=\"https:\/\/imkerverein-lev.de\/wp-content\/uploads\/2025\/10\/Mitgliedsantrag-2025.pdf\">hier<\/a>.<br \/>\nAktives Mitglied kann jede nat\u00fcrliche Person werden.<\/p>\n<p>Unsere Mitgliedsbeitr\u00e4ge f\u00fcr <strong>2026<\/strong>\u00a0setzen sich wie folgt zusammen:<\/p>\n<table border=\"0\" width=\"100%\" cellspacing=\"0\" cellpadding=\"0\">\n<tbody>\n<tr>\n<td>Anzahl Bienenv\u00f6lker<\/td>\n<td>\u00a0Beitrag f\u00fcr den Verein<\/td>\n<td>Beitrag Landesverband +<br \/>\nBeitrag D.I.B.<\/td>\n<td>Versicherungen: Rechtschutz und Globalversicherung<\/td>\n<td>\u00a0Gesamtbetrag<\/td>\n<\/tr>\n<tr>\n<td>\u00a00<\/td>\n<td>\u00a020,00\u20ac<\/td>\n<td><\/td>\n<td><\/td>\n<td>\u00a020,00\u20ac<\/td>\n<\/tr>\n<tr>\n<td>\u00a01<\/td>\n<td>\u00a035,00\u20ac<\/td>\n<td>\u00a027,50\u20ac\u00a0 + 3,84\u20ac<\/td>\n<td>\u00a02,20\u20ac\u00a0 + 1,50\u20ac<\/td>\n<td>\u00a070,04\u20ac<\/td>\n<\/tr>\n<tr>\n<td>\u00a02<\/td>\n<td>\u00a035,00\u20ac<\/td>\n<td>\u00a027,50\u20ac + 4,10\u20ac<\/td>\n<td>\u00a02,20\u20ac\u00a0 + 3,00\u20ac<\/td>\n<td>\u00a071,80\u20ac<\/td>\n<\/tr>\n<\/tbody>\n<\/table>\n<p>&nbsp;<\/p>\n<p>F\u00fcr jedes weitere Bienenvolk sind <strong>1,76\u20ac <\/strong>hinzuzurechnen.<br \/>\nAb dem 26. Bienenvolk ist die Anmeldung in der Berufsgenossenschaft Pflicht. Es werden dann Beitr\u00e4ge der Berufsgenossenschaft erhoben.<\/p>\n<p>F\u00fcr Jungmitglieder (Alter unter 25 Jahren und unter 10 V\u00f6lkern) reduziert sich der Gesamtbetrag um 13,28\u20ac.<\/p>\n<div>\n<p>Bienenh\u00e4user, Freist\u00e4nde und Wanderwagen sind in der Allgemeinen Imkerversicherung<i> nicht <\/i>mehr mitversichert. Diese k\u00f6nnen aber \u00fcber eine freiwillige Erg\u00e4nzungsversicherung mitversichert werden. Wer dies m\u00f6chte, melde sich bitte beim Schriftf\u00fchrer.<\/p>\n<\/div>\n","protected":false},"excerpt":{"rendered":"<p>Unser Verein lebt von engagierten Mitgliedern, die sich auf regen Austausch und gemeinsame Aktionen freuen. Von Altimkern mit jahrzehntelanger Erfahrung, \u00fcber Jungimker bis hin zu absoluten Anf\u00e4ngern ohne Bienenerfahrung &#8211; bei uns ist jeder herzlich willkommen! Einen Antrag auf Mitgliedschaft erhalten Sie beim Vorstand, auf unseren monatlichen Versammlungen oder zum Download hier. Aktives Mitglied kann jede nat\u00fcrliche Person werden. Unsere Mitgliedsbeitr\u00e4ge f\u00fcr 2026\u00a0setzen sich wie folgt zusammen: Anzahl Bienenv\u00f6lker \u00a0Beitrag f\u00fcr den Verein Beitrag Landesverband + Beitrag D.I.B. Versicherungen: Rechtschutz und Globalversicherung \u00a0Gesamtbetrag \u00a00 \u00a020,00\u20ac \u00a020,00\u20ac \u00a01 \u00a035,00\u20ac \u00a027,50\u20ac\u00a0 + 3,84\u20ac \u00a02,20\u20ac\u00a0 + 1,50\u20ac \u00a070,04\u20ac \u00a02 \u00a035,00\u20ac \u00a027,50\u20ac + 4,10\u20ac \u00a02,20\u20ac\u00a0 + 3,00\u20ac \u00a071,80\u20ac &nbsp; F\u00fcr jedes weitere Bienenvolk sind 1,76\u20ac hinzuzurechnen. Ab dem 26. Bienenvolk ist die Anmeldung in der Berufsgenossenschaft Pflicht. Es werden dann Beitr\u00e4ge der Berufsgenossenschaft erhoben. F\u00fcr Jungmitglieder (Alter unter 25 Jahren und unter 10 V\u00f6lkern) reduziert sich der Gesamtbetrag um 13,28\u20ac. Bienenh\u00e4user, Freist\u00e4nde und Wanderwagen sind in der Allgemeinen Imkerversicherung nicht mehr mitversichert. Diese k\u00f6nnen aber \u00fcber eine freiwillige Erg\u00e4nzungsversicherung mitversichert werden. Wer dies m\u00f6chte, melde sich bitte beim Schriftf\u00fchrer.<\/p>\n","protected":false},"author":1,"featured_media":0,"parent":0,"menu_order":0,"comment_status":"closed","ping_status":"closed","template":"","meta":{"_bbp_topic_count":0,"_bbp_reply_count":0,"_bbp_total_topic_count":0,"_bbp_total_reply_count":0,"_bbp_voice_count":0,"_bbp_anonymous_reply_count":0,"_bbp_topic_count_hidden":0,"_bbp_reply_count_hidden":0,"_bbp_forum_subforum_count":0},"_links":{"self":[{"href":"https:\/\/imkerverein-lev.de\/index.php?rest_route=\/wp\/v2\/pages\/38"}],"collection":[{"href":"https:\/\/imkerverein-lev.de\/index.php?rest_route=\/wp\/v2\/pages"}],"about":[{"href":"https:\/\/imkerverein-lev.de\/index.php?rest_route=\/wp\/v2\/types\/page"}],"author":[{"embeddable":true,"href":"https:\/\/imkerverein-lev.de\/index.php?rest_route=\/wp\/v2\/users\/1"}],"replies":[{"embeddable":true,"href":"https:\/\/imkerverein-lev.de\/index.php?rest_route=%2Fwp%2Fv2%2Fcomments&post=38"}],"version-history":[{"count":9,"href":"https:\/\/imkerverein-lev.de\/index.php?rest_route=\/wp\/v2\/pages\/38\/revisions"}],"predecessor-version":[{"id":2130,"href":"https:\/\/imkerverein-lev.de\/index.php?rest_route=\/wp\/v2\/pages\/38\/revisions\/2130"}],"wp:attachment":[{"href":"https:\/\/imkerverein-lev.de\/index.php?rest_route=%2Fwp%2Fv2%2Fmedia&parent=38"}],"curies":[{"name":"wp","href":"https:\/\/api.w.org\/{rel}","templated":true}]}}