{"id":522,"date":"2018-11-18T23:09:57","date_gmt":"2018-11-18T22:09:57","guid":{"rendered":"http:\/\/dragundo.de\/?page_id=522"},"modified":"2019-05-06T12:12:46","modified_gmt":"2019-05-06T11:12:46","slug":"das-imkerjahr","status":"publish","type":"page","link":"https:\/\/imkerverein-lev.de\/?page_id=522","title":{"rendered":"Das Imkerjahr"},"content":{"rendered":"<h5 style=\"text-align: left;\">Januar \/ Februar<\/h5>\n<p style=\"text-align: left;\">In den Wintermonaten werden in regelm\u00e4\u00dfigen Abst\u00e4nden die Flugl\u00f6cher kontrolliert und von Totenfall und Schnee oder weiterem Unrat befreit.<br \/>\nDie Gitter in den Beutenb\u00f6den erlauben jederzeit eine gute Zirkulation der Luft.<br \/>\nZus\u00e4tzlich werden die Beuten und die V\u00f6lker von au\u00dfen kontrolliert. Ohr an die Zarge gelegt und ein kurzes Klopfen verraten durch ein kurzes Aufbrausen der Bienen, dass die Beute noch besetzt ist.<br \/>\nTote V\u00f6lker sind unverz\u00fcglich abzur\u00e4umen und die Waben einzuschmelzen.<\/p>\n<p style=\"text-align: left;\">Die Vorbereitungszeit f\u00fcr die neue Saison ist gekommen: Die kalte Jahreszeit wird zur Reinigung und Reparatur der R\u00e4hmchen, der leeren Bienenbeuten und des Bienenhauses genutzt. Neue Mittelw\u00e4nde werden gegossen.<br \/>\nZus\u00e4tzlich ist die Zeit der Weiterbildung gekommen; bekanntlich hat man ja nie ausgelernt.<\/p>\n<h5><\/h5>\n<p>&nbsp;<\/p>\n<h5 style=\"text-align: left;\">M\u00e4rz<\/h5>\n<p style=\"text-align: left;\">Im M\u00e4rz steht die Fr\u00fchjahrsrevision auf dem Programm. An warmen Tagen wird vorsichtig kontrolliert, ob die V\u00f6lker gen\u00fcgend Futter haben; ggfs. wird der Futtervorrat erg\u00e4nzt und der Boden wird vom Totenfall befreit.<br \/>\nWeisellose oder schwache V\u00f6lker k\u00f6nnen mit einem anderen Volk oder miteinander vereinigt werden.<\/p>\n<p style=\"text-align: left;\">Bei zweizargiger \u00dcberwinterung werden die leeren unteren Brutr\u00e4ume entfernt, die Zargen gereinigt und f\u00fcr die anstehende Saison hergerichtet. Die Arbeitsmittel sollten, sofern noch nicht geschehen, vorbereitet werden.<\/p>\n<h5><\/h5>\n<p>&nbsp;<\/p>\n<h5 style=\"text-align: left;\">April<img decoding=\"async\" loading=\"lazy\" class=\"alignright size-medium wp-image-369\" src=\"https:\/\/imkerverein-lev.de\/wp-content\/uploads\/2018\/11\/wandern-297x300.png\" alt=\"\" width=\"297\" height=\"300\" srcset=\"https:\/\/imkerverein-lev.de\/wp-content\/uploads\/2018\/11\/wandern-297x300.png 297w, https:\/\/imkerverein-lev.de\/wp-content\/uploads\/2018\/11\/wandern-100x100.png 100w, https:\/\/imkerverein-lev.de\/wp-content\/uploads\/2018\/11\/wandern.png 747w\" sizes=\"(max-width: 297px) 100vw, 297px\" \/><\/h5>\n<p style=\"text-align: left;\">\u00dcberpr\u00fcfen der Futtervorr\u00e4te und eventuell erg\u00e4nzen. Keine zu gro\u00dfen Mengen, die Bienen sollen nicht zuviel Vorrat einlagern. Sind die beiden Randwaben gef\u00fcllt, sollte der Vorrat im Normalfall ausreichen.<br \/>\nAb Mitte April erfolgt die w\u00f6chentliche (max. 8 Tage) Kontrolle auf Weiselzellen.<br \/>\nDie Honigr\u00e4ume werden aufgesetzt, so dass die Bienen sie ausbauen k\u00f6nnen.<br \/>\nNoch vorhandene Fluglochverengungen werden entfernt.<br \/>\nZum Monatsende kommen die ersten Drohnenrahmen zum Einsatz.<br \/>\nJetzt beginnt f\u00fcr einige Imker die Zeit der Wanderungen. Wer Sorten m\u00f6glichst rein ernten will, muss mit seinen Bienen in bestimmte Gebiete ziehen.<br \/>\nDie Wanderungen unterliegen geregelten Auflagen, an die sich der Imker halten muss.<br \/>\nIm April bereiten Wanderimker zun\u00e4chst die Rapswanderung vor.<\/p>\n<h5><\/h5>\n<h5><\/h5>\n<h5 style=\"text-align: left;\">Mai<\/h5>\n<p style=\"text-align: left;\">Mindestens einmal pro Woche wird auf Weiselzellen kontrolliert.<br \/>\nStarke V\u00f6lker werden jetzt durch die Entnahme einer Brutwabe mit Larven in allen Stadien und den aufsitzenden Bienen etwas gebremst. Die Brutwaben kommen in Ablegerk\u00e4sten und werden mit Futterportionen versorgt. Die Bienen ziehen sich eine neue K\u00f6nigin.<\/p>\n<p>Wichtig: Honigr\u00e4ume rechtzeitig durch Aufsetzen erweitern.<br \/>\nDrohnenrahmen weiterhin regelm\u00e4\u00dfig schneiden.<br \/>\nIn der zweiten Monatsh\u00e4lfte kann Fr\u00fchtrachthonig nach Reifepr\u00fcfung geschleudert werden.<\/p>\n<div style=\"width: 640px;\" class=\"wp-video\"><!--[if lt IE 9]><script>document.createElement('video');<\/script><![endif]-->\n<video class=\"wp-video-shortcode\" id=\"video-522-1\" width=\"640\" height=\"352\" preload=\"metadata\" controls=\"controls\"><source type=\"video\/mp4\" src=\"https:\/\/imkerverein-lev.de\/wp-content\/uploads\/2018\/11\/VID-20181114-WA0015.mp4?_=1\" \/><\/p><p><a href=\"https:\/\/imkerverein-lev.de\/wp-content\/uploads\/2018\/11\/VID-20181114-WA0015.mp4\">https:\/\/imkerverein-lev.de\/wp-content\/uploads\/2018\/11\/VID-20181114-WA0015.mp4<\/a><\/video><\/div>\n<p>Hermann Schratter, einer unserer BSV (Bienensachverst\u00e4ndiger), erkl\u00e4rt in diesem Video, wie man schnell und einfach seine erfolgreich herangezogene K\u00f6nigin zeichnen bzw. markieren kann.<\/p>\n<h5><\/h5>\n<p>&nbsp;<\/p>\n<h5 style=\"text-align: left;\">Juni<\/h5>\n<p style=\"text-align: left;\">Noch nicht geschleuderte Fr\u00fchtracht sollte jetzt schleuderfertig sein.<br \/>\nDie Zeit des Lindenhonigs kommt.<br \/>\nWeiterhin w\u00f6chentliche Kontrollen auf Weiselzellen.<br \/>\nStarke V\u00f6lker werden jetzt durch die Entnahme zweier Brutwaben mit Larven in allen Stadien und den aufsitzenden Bienen etwas gebremst.<br \/>\nDie Brutwaben kommen in Ablegerk\u00e4sten und werden mit Futterportionen versorgt. Die Bienen ziehen sich eine neue K\u00f6nigin.<\/p>\n<h5><\/h5>\n<p>&nbsp;<\/p>\n<h5 style=\"text-align: left;\">Juli<\/h5>\n<figure id=\"attachment_367\" aria-describedby=\"caption-attachment-367\" style=\"width: 269px\" class=\"wp-caption alignleft\"><img decoding=\"async\" loading=\"lazy\" class=\"size-medium wp-image-367\" src=\"https:\/\/imkerverein-lev.de\/wp-content\/uploads\/2018\/11\/schwarmfang-269x300.jpg\" alt=\"\" width=\"269\" height=\"300\" srcset=\"https:\/\/imkerverein-lev.de\/wp-content\/uploads\/2018\/11\/schwarmfang-269x300.jpg 269w, https:\/\/imkerverein-lev.de\/wp-content\/uploads\/2018\/11\/schwarmfang-768x857.jpg 768w, https:\/\/imkerverein-lev.de\/wp-content\/uploads\/2018\/11\/schwarmfang-918x1024.jpg 918w\" sizes=\"(max-width: 269px) 100vw, 269px\" \/><figcaption id=\"caption-attachment-367\" class=\"wp-caption-text\">Sollte doch einmal ein Schwarm abgehen, gibt es verschiedenste Methoden, diesen wieder einzufangen&#8230;<\/figcaption><\/figure>\n<p style=\"text-align: left;\">Kontrolle auf Weiselzellen findet weiterhin statt, bis keine Schwarmtendenzen in den V\u00f6lkern mehr sichtbar sind.<\/p>\n<p style=\"text-align: left;\">Auch jetzt k\u00f6nnen noch Ableger durch Entnahme von drei Waben erstellt werden. Der Honigtauhonig sollte langsam schleuderfertig sein. Bei der Schleuderung k\u00f6nnen Kehrschw\u00e4rme gebildet werden. Hier werden Bienen aus dem Honigraum mit einer begatteten K\u00f6nigin in eine leere, mit Mittelw\u00e4nden best\u00fcckte Beute eingeschlagen.<\/p>\n<p style=\"text-align: left;\">Durch das Unterlegen von Streichh\u00f6lzern unter den Deckel und den Tausch der Folie durch ein Propolisgitter kann der Imker die Produktion von Propolis f\u00f6rdern. Die Bienen versuchen die L\u00f6cher zu stopfen, um die Zugluft zu stoppen.<br \/>\nNach der Schleuderung wird den Bienen sofort eine Futterportion von etwa 6 kg gegeben.<br \/>\nDie gro\u00dfen Trachten f\u00fcr Standimker sind in der Regel jetzt zu Ende.<\/p>\n<h5><\/h5>\n<h5 style=\"text-align: left;\">August<\/h5>\n<p style=\"text-align: left;\">Milbenkontrolle: Die \u201eWindel\u201c wird mit Speise\u00f6l eingestrichen und untergeschoben. Die Windel sollte wei\u00df sein, damit man die Milben gut erkennen kann. Das \u00d6l verhindert den Raub der Milben durch Ameisen.<br \/>\nMittels Z\u00e4hlen der Milben k\u00f6nnen wir uns einen \u00dcberblick \u00fcber die Menge der Milben im Volk verschaffen.<br \/>\nDie erste Ameisens\u00e4urebehandlung steht an.<br \/>\nDie V\u00f6lker werden nach der Behandlung weiter aufgef\u00fcttert bis die n\u00f6tige Futtermenge erreicht ist.<\/p>\n<h5><\/h5>\n<p>&nbsp;<\/p>\n<h5 style=\"text-align: left;\">September<\/h5>\n<p style=\"text-align: left;\">Bis Mitte September sollte die Einf\u00fctterung der Bienen f\u00fcr die anstehende kalte Jahreszeit abgeschlossen sein.<br \/>\nJetzt kommt auch die Zeit, in der die Imker eine Probe des eingelagerten Futters durch den Bienensachverst\u00e4ndigen entnehmen lassen k\u00f6nnen. Diese Futterkranzprobe wird eingeschickt und auf die Amerikanische Faulbrut getestet.<br \/>\nAltv\u00f6lker k\u00f6nnen jetzt problemlos auf eine junge vitale K\u00f6nigin umgeweiselt werden.<\/p>\n<h5><\/h5>\n<p>&nbsp;<\/p>\n<h5 style=\"text-align: left;\">Oktober<\/h5>\n<p style=\"text-align: left;\">An einem warmen Tag steht die Herbstrevision der V\u00f6lker an: Die Futtermenge innerhalb der V\u00f6lker wird \u00fcberpr\u00fcft und eventuell erg\u00e4nzt.<br \/>\nBei schw\u00e4cheren ausgeraubten Bienenv\u00f6lkern wird f\u00fcr Futterausgleich gesorgt.<br \/>\nNicht mehr gebrauchte Zargen und R\u00e4hmchen werden gereinigt und desinfiziert.<\/p>\n<h5><\/h5>\n<p>&nbsp;<\/p>\n<h5 style=\"text-align: left;\">November<\/h5>\n<p style=\"text-align: left;\">Der November ist die ideale Zeit, um eine eingehende Inventur und eine Revision der Materialien durchzuf\u00fchren. Equipment und Material wird geordnet und gereinigt.<br \/>\nAn kalten flugfreien Tagen k\u00f6nnen die noch verbliebenen Waben eingeschmolzen und gereinigt werden. Der Honig wird ggf. ger\u00fchrt und verkaufsfertig abgef\u00fcllt.<br \/>\nKerzen werden gegossen und die Vorbereitungen f\u00fcr das Winter- und Adventgesch\u00e4ft laufen an.<\/p>\n<h5><\/h5>\n<p>&nbsp;<\/p>\n<h5 style=\"text-align: left;\">Dezember<\/h5>\n<p>Am Ende des Jahres werden die V\u00f6lker ein letztes Mal in dem Jahr mit einer warmen, w\u00e4ssrigen L\u00f6sung aus Zucker und 3,5 Prozent Oxals\u00e4ure behandelt, um jetzt bei Brutfreiheit noch einmal m\u00f6glichst viele Varroamilben abzut\u00f6ten. Die Imker sprechen hier von der &#8220;Restentmilbung&#8221;.<br \/>\nNur wenn der Milbendruck im Volk gering ist, k\u00f6nnen die Bienenv\u00f6lker den anstehenden Winter gut \u00fcberstehen. Weiterhin wird damit sichergestellt, dass im Fr\u00fchjahr m\u00f6glichst gesunde und vitale Bienen erbr\u00fctet werden.<\/p>\n<p style=\"text-align: left;\">Es finden nur noch Kontrollen von au\u00dfen statt, Totenfall vor den M\u00e4usegittern wird entfernt.<br \/>\nDas Advents- und Weihnachtsgesch\u00e4ft l\u00e4uft.<\/p>\n","protected":false},"excerpt":{"rendered":"<p>Januar \/ Februar In den Wintermonaten werden in regelm\u00e4\u00dfigen Abst\u00e4nden die Flugl\u00f6cher kontrolliert und von Totenfall und Schnee oder weiterem Unrat befreit. Die Gitter in den Beutenb\u00f6den erlauben jederzeit eine gute Zirkulation der Luft. Zus\u00e4tzlich werden die Beuten und die V\u00f6lker von au\u00dfen kontrolliert. Ohr an die Zarge gelegt und ein kurzes Klopfen verraten durch ein kurzes Aufbrausen der Bienen, dass die Beute noch besetzt ist. Tote V\u00f6lker sind unverz\u00fcglich abzur\u00e4umen und die Waben einzuschmelzen. Die Vorbereitungszeit f\u00fcr die neue Saison ist gekommen: Die kalte Jahreszeit wird zur Reinigung und Reparatur der R\u00e4hmchen, der leeren Bienenbeuten und des Bienenhauses genutzt. Neue Mittelw\u00e4nde werden gegossen. Zus\u00e4tzlich ist die Zeit der Weiterbildung gekommen; bekanntlich hat man ja nie ausgelernt. &nbsp; M\u00e4rz Im M\u00e4rz steht die Fr\u00fchjahrsrevision auf dem Programm. An warmen Tagen wird vorsichtig kontrolliert, ob die V\u00f6lker gen\u00fcgend Futter haben; ggfs. wird der Futtervorrat erg\u00e4nzt und der Boden wird vom Totenfall befreit. Weisellose oder schwache V\u00f6lker k\u00f6nnen mit einem anderen Volk oder miteinander vereinigt werden. Bei zweizargiger \u00dcberwinterung werden die leeren unteren Brutr\u00e4ume entfernt, die Zargen gereinigt und f\u00fcr die anstehende Saison hergerichtet. Die Arbeitsmittel sollten, sofern noch nicht geschehen, vorbereitet werden. &nbsp; April \u00dcberpr\u00fcfen der Futtervorr\u00e4te und eventuell erg\u00e4nzen. Keine zu gro\u00dfen Mengen, die Bienen sollen nicht zuviel Vorrat einlagern. Sind die beiden Randwaben gef\u00fcllt, sollte der Vorrat im Normalfall ausreichen. Ab Mitte April erfolgt die w\u00f6chentliche (max. 8 Tage) Kontrolle auf Weiselzellen. Die Honigr\u00e4ume werden aufgesetzt, so dass die Bienen sie ausbauen k\u00f6nnen. Noch vorhandene Fluglochverengungen werden entfernt. Zum Monatsende kommen die ersten Drohnenrahmen zum Einsatz. Jetzt beginnt f\u00fcr einige Imker die Zeit der Wanderungen. Wer Sorten m\u00f6glichst rein ernten will, muss mit seinen Bienen in bestimmte Gebiete ziehen. Die Wanderungen unterliegen geregelten Auflagen, an die sich der Imker halten muss. Im April bereiten Wanderimker zun\u00e4chst die Rapswanderung vor. Mai Mindestens einmal pro Woche wird auf Weiselzellen kontrolliert. Starke V\u00f6lker werden jetzt durch die Entnahme einer Brutwabe mit Larven in allen Stadien und den aufsitzenden Bienen etwas gebremst. Die Brutwaben kommen in Ablegerk\u00e4sten und werden mit Futterportionen versorgt. Die Bienen ziehen sich eine neue K\u00f6nigin. Wichtig: Honigr\u00e4ume rechtzeitig durch Aufsetzen erweitern. Drohnenrahmen weiterhin regelm\u00e4\u00dfig schneiden. In der zweiten Monatsh\u00e4lfte kann Fr\u00fchtrachthonig nach Reifepr\u00fcfung geschleudert werden. Hermann Schratter, einer unserer BSV (Bienensachverst\u00e4ndiger), erkl\u00e4rt in diesem Video, wie man schnell und einfach seine erfolgreich herangezogene K\u00f6nigin zeichnen bzw. markieren kann. &nbsp; Juni Noch nicht geschleuderte Fr\u00fchtracht sollte jetzt schleuderfertig sein. Die Zeit des Lindenhonigs kommt. Weiterhin w\u00f6chentliche Kontrollen auf Weiselzellen. Starke V\u00f6lker werden jetzt durch die Entnahme zweier Brutwaben mit Larven in allen Stadien und den aufsitzenden Bienen etwas gebremst. Die Brutwaben kommen in Ablegerk\u00e4sten und werden mit Futterportionen versorgt. Die Bienen ziehen sich eine neue K\u00f6nigin. &nbsp; Juli Kontrolle auf Weiselzellen findet weiterhin statt, bis keine Schwarmtendenzen in den V\u00f6lkern mehr sichtbar sind. Auch jetzt k\u00f6nnen noch Ableger durch Entnahme von drei Waben erstellt werden. Der Honigtauhonig sollte langsam schleuderfertig sein. Bei der Schleuderung k\u00f6nnen Kehrschw\u00e4rme gebildet werden. Hier werden Bienen aus dem Honigraum mit einer begatteten K\u00f6nigin in eine leere, mit Mittelw\u00e4nden best\u00fcckte Beute eingeschlagen. Durch das Unterlegen von Streichh\u00f6lzern unter den Deckel und den Tausch der Folie durch ein Propolisgitter kann der Imker die Produktion von Propolis f\u00f6rdern. Die Bienen versuchen die L\u00f6cher zu stopfen, um die Zugluft zu stoppen. Nach der Schleuderung wird den Bienen sofort eine Futterportion von etwa 6 kg gegeben. Die gro\u00dfen Trachten f\u00fcr Standimker sind in der Regel jetzt zu Ende. August Milbenkontrolle: Die \u201eWindel\u201c wird mit Speise\u00f6l eingestrichen und untergeschoben. Die Windel sollte wei\u00df sein, damit man die Milben gut erkennen kann. Das \u00d6l verhindert den Raub der Milben durch Ameisen. Mittels Z\u00e4hlen der Milben k\u00f6nnen wir uns einen \u00dcberblick \u00fcber die Menge der Milben im Volk verschaffen. Die erste Ameisens\u00e4urebehandlung steht an. Die V\u00f6lker werden nach der Behandlung weiter aufgef\u00fcttert bis die n\u00f6tige Futtermenge erreicht ist. &nbsp; September Bis Mitte September sollte die Einf\u00fctterung der Bienen f\u00fcr die anstehende kalte Jahreszeit abgeschlossen sein. Jetzt kommt auch die Zeit, in der die Imker eine Probe des eingelagerten Futters durch den Bienensachverst\u00e4ndigen entnehmen lassen k\u00f6nnen. Diese Futterkranzprobe wird eingeschickt und auf die Amerikanische Faulbrut getestet. Altv\u00f6lker k\u00f6nnen jetzt problemlos auf eine junge vitale K\u00f6nigin umgeweiselt werden. &nbsp; Oktober An einem warmen Tag steht die Herbstrevision der V\u00f6lker an: Die Futtermenge innerhalb der V\u00f6lker wird \u00fcberpr\u00fcft und eventuell erg\u00e4nzt. Bei schw\u00e4cheren ausgeraubten Bienenv\u00f6lkern wird f\u00fcr Futterausgleich gesorgt. Nicht mehr gebrauchte Zargen und R\u00e4hmchen werden gereinigt und desinfiziert. &nbsp; November Der November ist die ideale Zeit, um eine eingehende Inventur und eine Revision der Materialien durchzuf\u00fchren. Equipment und Material wird geordnet und gereinigt. An kalten flugfreien Tagen k\u00f6nnen die noch verbliebenen Waben eingeschmolzen und gereinigt werden. Der Honig wird ggf. ger\u00fchrt und verkaufsfertig abgef\u00fcllt. Kerzen werden gegossen und die Vorbereitungen f\u00fcr das Winter- und Adventgesch\u00e4ft laufen an. &nbsp; Dezember Am Ende des Jahres werden die V\u00f6lker ein letztes Mal in dem Jahr mit einer warmen, w\u00e4ssrigen L\u00f6sung aus Zucker und 3,5 Prozent Oxals\u00e4ure behandelt, um jetzt bei Brutfreiheit noch einmal m\u00f6glichst viele Varroamilben abzut\u00f6ten. Die Imker sprechen hier von der &#8220;Restentmilbung&#8221;. Nur wenn der Milbendruck im Volk gering ist, k\u00f6nnen die Bienenv\u00f6lker den anstehenden Winter gut \u00fcberstehen. Weiterhin wird damit sichergestellt, dass im Fr\u00fchjahr m\u00f6glichst gesunde und vitale Bienen erbr\u00fctet werden. Es finden nur noch Kontrollen von au\u00dfen statt, Totenfall vor den M\u00e4usegittern wird entfernt. Das Advents- und Weihnachtsgesch\u00e4ft l\u00e4uft.<\/p>\n","protected":false},"author":1,"featured_media":0,"parent":0,"menu_order":0,"comment_status":"closed","ping_status":"closed","template":"","meta":{"_bbp_topic_count":0,"_bbp_reply_count":0,"_bbp_total_topic_count":0,"_bbp_total_reply_count":0,"_bbp_voice_count":0,"_bbp_anonymous_reply_count":0,"_bbp_topic_count_hidden":0,"_bbp_reply_count_hidden":0,"_bbp_forum_subforum_count":0},"_links":{"self":[{"href":"https:\/\/imkerverein-lev.de\/index.php?rest_route=\/wp\/v2\/pages\/522"}],"collection":[{"href":"https:\/\/imkerverein-lev.de\/index.php?rest_route=\/wp\/v2\/pages"}],"about":[{"href":"https:\/\/imkerverein-lev.de\/index.php?rest_route=\/wp\/v2\/types\/page"}],"author":[{"embeddable":true,"href":"https:\/\/imkerverein-lev.de\/index.php?rest_route=\/wp\/v2\/users\/1"}],"replies":[{"embeddable":true,"href":"https:\/\/imkerverein-lev.de\/index.php?rest_route=%2Fwp%2Fv2%2Fcomments&post=522"}],"version-history":[{"count":1,"href":"https:\/\/imkerverein-lev.de\/index.php?rest_route=\/wp\/v2\/pages\/522\/revisions"}],"predecessor-version":[{"id":1271,"href":"https:\/\/imkerverein-lev.de\/index.php?rest_route=\/wp\/v2\/pages\/522\/revisions\/1271"}],"wp:attachment":[{"href":"https:\/\/imkerverein-lev.de\/index.php?rest_route=%2Fwp%2Fv2%2Fmedia&parent=522"}],"curies":[{"name":"wp","href":"https:\/\/api.w.org\/{rel}","templated":true}]}}