{"id":572,"date":"2018-11-19T09:35:00","date_gmt":"2018-11-19T09:35:00","guid":{"rendered":"http:\/\/dragundo.de\/?page_id=572"},"modified":"2021-03-10T00:09:17","modified_gmt":"2021-03-09T23:09:17","slug":"literaturtipps","status":"publish","type":"page","link":"https:\/\/imkerverein-lev.de\/?page_id=572","title":{"rendered":"Literaturtipps"},"content":{"rendered":"<h5>Der Buchmarkt gibt derzeit zahllose B\u00fccher rund um das Thema Imkern her.<br \/>\nEine kleine Auswahl m\u00f6chten wir Ihnen gerne etwas genauer vorstellen.<\/h5>\n<p>&nbsp;<\/p>\n<h5><a href=\"https:\/\/www.kosmos.de\/buecher\/ratgeber\/heimtiere\/imkerei\/4009\/1-mal-1-des-imkerns\" target=\"_blank\" rel=\"noopener\">1&#215;1 des Imkern<\/a> von Friedrich Pohl<a href=\"https:\/\/www.kosmos.de\/buecher\/ratgeber\/heimtiere\/imkerei\/4009\/1-mal-1-des-imkerns\" target=\"_blank\" rel=\"noopener\"><img decoding=\"async\" loading=\"lazy\" class=\"alignright wp-image-589 size-medium\" src=\"https:\/\/imkerverein-lev.de\/wp-content\/uploads\/2018\/11\/1x1-222x300.jpg\" alt=\"\" width=\"222\" height=\"300\" srcset=\"https:\/\/imkerverein-lev.de\/wp-content\/uploads\/2018\/11\/1x1-222x300.jpg 222w, https:\/\/imkerverein-lev.de\/wp-content\/uploads\/2018\/11\/1x1.jpg 303w\" sizes=\"(max-width: 222px) 100vw, 222px\" \/><\/a><\/h5>\n<p>ISBN 9783440117101<br \/>\n2. Auflage 2009<br \/>\n136 Seiten<br \/>\n19,95\u20ac<\/p>\n<p><strong>F\u00fcr Anf\u00e4nger geeignet<\/strong><\/p>\n<p style=\"text-align: left;\">Friedrich Pohl erkl\u00e4rt verst\u00e4ndlich und eing\u00e4ngig das Grundwissen des Imkerns: Von der Biologie der Honigbiene und den Abl\u00e4ufen im Bienenstock, zu den Arbeitsschritten am Bienenvolk bis zur Vermehrung und der Varroabehandlung werden alle wichtigen und relevanten Themen abgedeckt.<br \/>\nEin empfehlenswerter Einstiegsratgeber, nach dessen Lekt\u00fcre man gut ger\u00fcstet in einen <a href=\"https:\/\/imkerverein-lev.de\/?page_id=19\">Imkerkurs<\/a> gehen kann.<\/p>\n<p>&nbsp;<\/p>\n<p>&nbsp;<\/p>\n<h5><a href=\"https:\/\/www.kosmos.de\/buecher\/ratgeber\/heimtiere\/imkerei\/2706\/oekologisch-imkern\" target=\"_blank\" rel=\"noopener\">\u00d6kologisch Imkern<\/a> von Claudia Bentzien <a href=\"https:\/\/www.kosmos.de\/buecher\/ratgeber\/heimtiere\/imkerei\/2706\/oekologisch-imkern\" target=\"_blank\" rel=\"noopener\"><img decoding=\"async\" loading=\"lazy\" class=\"alignright wp-image-590 size-medium\" src=\"https:\/\/imkerverein-lev.de\/wp-content\/uploads\/2018\/11\/oekologisch-222x300.jpg\" alt=\"\" width=\"222\" height=\"300\" srcset=\"https:\/\/imkerverein-lev.de\/wp-content\/uploads\/2018\/11\/oekologisch-222x300.jpg 222w, https:\/\/imkerverein-lev.de\/wp-content\/uploads\/2018\/11\/oekologisch.jpg 303w\" sizes=\"(max-width: 222px) 100vw, 222px\" \/><\/a><\/h5>\n<p>ISBN 9783440095461<br \/>\n1. Auflage 2006<br \/>\n128 Seiten<br \/>\n19,95\u20ac<\/p>\n<p><strong>F\u00fcr Fortgeschrittene geeignet<\/strong><\/p>\n<p style=\"text-align: left;\">Wer bereits ins &#8220;klassische&#8221; Imkern reingeschnuppert hat und mit den Grundlagen vertraut ist, kann sich mit diesem Ratgeber auf neues Terrain begeben.<br \/>\nClaudia Bentzien erl\u00e4utert anschaulich, was \u00f6kologisches Imkern ausmacht. Von der Wahl der richtigen Beute, \u00fcber Naturwabenbau bis zum eigenen Wachskreislauf, ist dieses Buch eine anregende Erg\u00e4nzung f\u00fcr die Imkerlekt\u00fcre Zuhause.<\/p>\n<p>&nbsp;<\/p>\n<p>&nbsp;<\/p>\n<h5>Am Flugloch von H. Storch<img decoding=\"async\" loading=\"lazy\" class=\"alignright size-medium wp-image-711\" src=\"https:\/\/imkerverein-lev.de\/wp-content\/uploads\/2018\/11\/flugloch-205x300.jpg\" alt=\"\" width=\"205\" height=\"300\" srcset=\"https:\/\/imkerverein-lev.de\/wp-content\/uploads\/2018\/11\/flugloch-205x300.jpg 205w, https:\/\/imkerverein-lev.de\/wp-content\/uploads\/2018\/11\/flugloch-768x1125.jpg 768w, https:\/\/imkerverein-lev.de\/wp-content\/uploads\/2018\/11\/flugloch-699x1024.jpg 699w, https:\/\/imkerverein-lev.de\/wp-content\/uploads\/2018\/11\/flugloch.jpg 1200w\" sizes=\"(max-width: 205px) 100vw, 205px\" \/><\/h5>\n<p>14. Auflage<br \/>\nEurop\u00e4ische Bienenzucht Ausgaben<br \/>\n64 Seiten<br \/>\nca. 12\u20ac<br \/>\nBei verschiedenen Imkereibedarfshandlungen erh\u00e4ltlich.<\/p>\n<p><strong>F\u00fcr motivierte Anf\u00e4nger und Fortgeschrittene geeignet<\/strong><\/p>\n<p style=\"text-align: left;\">Ein Klassiker der Imkerliteratur, den man zu seinen Bienen mitnehmen sollte!<br \/>\nDas Grundwerk zu Beobachtungen am Flugloch und den Schlussfolgerungen eben dieser.<br \/>\nAufgegliedert in die Jahreszeiten der Bienen und des Imkers, punktet &#8220;Am Flugloch&#8221; zus\u00e4tzlich mit seiner \u00dcbersichtlichkeit.<br \/>\nEin Muss f\u00fcr alle Imker!<\/p>\n<p>&nbsp;<\/p>\n<p>&nbsp;<\/p>\n<h5><a href=\"https:\/\/www.kosmos.de\/buecher\/ratgeber\/heimtiere\/imkerei\/9759\/bienenweide\" target=\"_blank\" rel=\"noopener\">Bienenweide<\/a> von G\u00fcnter Pritsch<a href=\"https:\/\/www.kosmos.de\/buecher\/ratgeber\/heimtiere\/imkerei\/9759\/bienenweide\" target=\"_blank\" rel=\"noopener\"><img decoding=\"async\" loading=\"lazy\" class=\"alignright wp-image-594 size-medium\" src=\"https:\/\/imkerverein-lev.de\/wp-content\/uploads\/2018\/11\/bienenweide-211x300.jpg\" alt=\"\" width=\"211\" height=\"300\" srcset=\"https:\/\/imkerverein-lev.de\/wp-content\/uploads\/2018\/11\/bienenweide-211x300.jpg 211w, https:\/\/imkerverein-lev.de\/wp-content\/uploads\/2018\/11\/bienenweide.jpg 421w\" sizes=\"(max-width: 211px) 100vw, 211px\" \/><\/a><\/h5>\n<p>ISBN 9783440159910<br \/>\n1. Auflage 2018<br \/>\n304 Seiten<br \/>\n25,00\u20ac<\/p>\n<p><strong>F\u00fcr Anf\u00e4nger und Fortgeschrittene geeignet<\/strong><\/p>\n<p style=\"text-align: left;\">G\u00fcnter Pritsch stellt 220 Trachtpflanzen in ausf\u00fchrlich bebilderten Portraits vor und bewertet diese nach ihrem Nektar- und Pollenwert.<br \/>\nF\u00fcr Anf\u00e4nger ist besonders die angegebene Pollenh\u00f6schenfarbe und das Vorkommen der Pflanzen interessant.<br \/>\nDas Kapitel \u00fcber die Nutzung und Verbesserung der Bienenweide ist auch f\u00fcr Fortgeschrittene sehr aufschlussreich.<\/p>\n<h5><\/h5>\n<p>&nbsp;<\/p>\n<p>&nbsp;<\/p>\n<h5><a href=\"https:\/\/www.penguinrandomhouse.de\/Taschenbuch\/Die-Intelligenz-der-Bienen\/Randolf-Menzel\/Penguin\/e550252.rhd\">Die Intelligenz der Bienen<\/a> von Randolf Menzel und Matthias Eckold<img decoding=\"async\" loading=\"lazy\" class=\"size-medium wp-image-1648 alignright\" src=\"https:\/\/imkerverein-lev.de\/wp-content\/uploads\/2021\/03\/516DT5OYydL._SX312_BO1204203200_-189x300.jpg\" alt=\"\" width=\"189\" height=\"300\" srcset=\"https:\/\/imkerverein-lev.de\/wp-content\/uploads\/2021\/03\/516DT5OYydL._SX312_BO1204203200_-189x300.jpg 189w, https:\/\/imkerverein-lev.de\/wp-content\/uploads\/2021\/03\/516DT5OYydL._SX312_BO1204203200_.jpg 314w\" sizes=\"(max-width: 189px) 100vw, 189px\" \/><\/h5>\n<p>ISBN 9783328104360<br \/>\n<span class=\"a-list-item\">368 Seiten<\/span><br \/>\n12,00\u20ac<\/p>\n<p><strong>Neugier und Beharrlichkeit sind der Schl\u00fcssel des erfolgreichen Forscherlebens von <\/strong><strong>Randolf Menzel<\/strong><\/p>\n<p>Zwei ineinander verwobene Handlungsstr\u00e4nge bilden einen Spannungsbogen, der den Leser \u00fcber 350 Seiten in seinen Bann zieht. Zum einen die verschlungenen Wege eines \u00fcber 50 Jahre andauernden Forscherlebens im internationalen Wissenschaftsbetrieb, zum andern die daraus gewonnenen Erkenntnisse zu den Sinnesleistungen, der Kommunikation und dem Sozialverhalten der Honigbienen.<\/p>\n<p>Es ist kein Buch der imkerlichen Praxis, sondern eines das biologische Zusammenh\u00e4nge von der Physiologie bis zum Sozialverhalten der Einzelbiene und im Bienenvolk verst\u00e4ndlich macht. Was mit Karl v. Frisch begann, hat R. Menzel meisterlich weitergef\u00fchrt. Mit Hilfe moderner Mikroelektronik und Digitalisierung wurden alte Erkenntnisse best\u00e4tigt oder revidiert und bahnbrechendes neu entdeckt. Am\u00fcsant zu lesende, humorvolle Abschnitte verkn\u00fcpfen die Beschreibung naturwissenschaftlicher Experimente und die Erkenntnisse daraus. Der Leser muss jedoch bereit sein manche Abschnitte zum Verst\u00e4ndnis mehrfach zu lesen. Unterst\u00fctzung bekommt er durch aufschlussreiche Farbtafeln und Bilder, sowie ein sehr ausf\u00fchrliches Inhaltsverzeichnis.<br \/>\nWer durchh\u00e4lt wird belohnt durch neues Wissen \u00fcber die Sinne, das Gehirn, das Lernen, die Organisation von Kurzzeit- und Langzeitged\u00e4chtnis und die Bedeutung von Schlaf bei Bienen und beim Menschen. Faszination der Bienenwelt ohne Ende!<\/p>\n<p>&nbsp;<\/p>\n<p>&nbsp;<\/p>\n<h5><a href=\"https:\/\/www.stocker-verlag.com\/buecher\/imkerei\/imkerei-detail\/article\/imkereiprodukte\/\" target=\"_blank\" rel=\"noopener\">Imkerei-Produkte<\/a> von Wolfgang Oberrisser<a href=\"https:\/\/www.stocker-verlag.com\/buecher\/imkerei\/imkerei-detail\/article\/imkereiprodukte\/\" target=\"_blank\" rel=\"noopener\"><img decoding=\"async\" loading=\"lazy\" class=\"alignright wp-image-595 size-medium\" src=\"https:\/\/imkerverein-lev.de\/wp-content\/uploads\/2018\/11\/Oberrisser__Imkereiprodukte-223x300.jpg\" alt=\"\" width=\"223\" height=\"300\" srcset=\"https:\/\/imkerverein-lev.de\/wp-content\/uploads\/2018\/11\/Oberrisser__Imkereiprodukte-223x300.jpg 223w, https:\/\/imkerverein-lev.de\/wp-content\/uploads\/2018\/11\/Oberrisser__Imkereiprodukte.jpg 260w\" sizes=\"(max-width: 223px) 100vw, 223px\" \/><\/a><\/h5>\n<p>ISBN 9783702014315<br \/>\n2. Auflage<br \/>\n156 Seiten<br \/>\n19,90\u20ac<\/p>\n<p><strong>F\u00fcr motivierte Anf\u00e4nger und Fortgeschrittene geeignet<\/strong><\/p>\n<p style=\"text-align: left;\">Wolfgang Oberrisser stellt eine hevorragende Auflistung der g\u00e4ngigen Verarbeitungsmethoden zu allen Produkten aus dem Bienenstock vor.<br \/>\nNeben der obligatorischen Honigverarbeitung finden sich in diesem Buch Hinweise, Tipps und Rezepte zur Kerzenherstellung, Kosmetikaproduktion und zur Verarbeitung von Propolis, Bienenpollen und Gel\u00e9e Royale.<\/p>\n<p>&nbsp;<\/p>\n<p>&nbsp;<\/p>\n<h5><a href=\"https:\/\/www.gerstenberg-verlag.de\/index.php?id=detailansicht&amp;url_ISBN=9783836959155&amp;highlight=bienen\" target=\"_blank\" rel=\"noopener\">Bienen<\/a> von Piotr Socha<a href=\"https:\/\/www.gerstenberg-verlag.de\/index.php?id=detailansicht&amp;url_ISBN=9783836959155&amp;highlight=bienen\" target=\"_blank\" rel=\"noopener\"><img decoding=\"async\" loading=\"lazy\" class=\"alignright wp-image-597 size-medium\" src=\"https:\/\/imkerverein-lev.de\/wp-content\/uploads\/2018\/11\/bienen-221x300.jpg\" alt=\"\" width=\"221\" height=\"300\" srcset=\"https:\/\/imkerverein-lev.de\/wp-content\/uploads\/2018\/11\/bienen-221x300.jpg 221w, https:\/\/imkerverein-lev.de\/wp-content\/uploads\/2018\/11\/bienen.jpg 424w\" sizes=\"(max-width: 221px) 100vw, 221px\" \/><\/a><\/h5>\n<p>ISBN 9783836959155<br \/>\n80 Seiten<br \/>\n24,95\u20ac<\/p>\n<p><strong>Ein Bilderbuch f\u00fcr Jung und Alt<\/strong><\/p>\n<p style=\"text-align: left;\">Dieses wunderbare Bilderbuch f\u00fcr Gro\u00df und Klein punktet nicht nur durch seine grandiosen und liebevollen Illustrationen, sondern vermittelt nebenbei viel Wissenswertes und einiges Kurioses \u00fcber die Imkerei.<br \/>\nWussten Sie zum Beispiel, dass eine Biene f\u00fcr 1Kg Honig mehrere Millionen Bl\u00fcten anfliegen muss? Anders ausgedr\u00fcckt, sie fliegt f\u00fcr diese Menge drei mal um die Welt, also ca. 120.000 Kilometer.<br \/>\n\u00dcber einem Abriss der Imkereigeschichte (bereits die Maya haben geimkert) und eine \u00dcbersicht \u00fcber die Entwicklung der Bienen (schon zu Zeiten der Dinosaurier waren sie aktiv) schlie\u00dft sich eine am\u00fcsante Zusammenfassung \u00fcber die heutigen Formen der Imkerei an.<br \/>\nAuch das gro\u00dfe Thema Bienensterben wird angesprochen.<br \/>\nEin wundersch\u00f6nes Bilderbuch f\u00fcr Bienen- und Naturfreunde und f\u00fcr alle, die es werden wollen.<\/p>\n","protected":false},"excerpt":{"rendered":"<p>Der Buchmarkt gibt derzeit zahllose B\u00fccher rund um das Thema Imkern her. Eine kleine Auswahl m\u00f6chten wir Ihnen gerne etwas genauer vorstellen. &nbsp; 1&#215;1 des Imkern von Friedrich Pohl ISBN 9783440117101 2. Auflage 2009 136 Seiten 19,95\u20ac F\u00fcr Anf\u00e4nger geeignet Friedrich Pohl erkl\u00e4rt verst\u00e4ndlich und eing\u00e4ngig das Grundwissen des Imkerns: Von der Biologie der Honigbiene und den Abl\u00e4ufen im Bienenstock, zu den Arbeitsschritten am Bienenvolk bis zur Vermehrung und der Varroabehandlung werden alle wichtigen und relevanten Themen abgedeckt. Ein empfehlenswerter Einstiegsratgeber, nach dessen Lekt\u00fcre man gut ger\u00fcstet in einen Imkerkurs gehen kann. &nbsp; &nbsp; \u00d6kologisch Imkern von Claudia Bentzien ISBN 9783440095461 1. Auflage 2006 128 Seiten 19,95\u20ac F\u00fcr Fortgeschrittene geeignet Wer bereits ins &#8220;klassische&#8221; Imkern reingeschnuppert hat und mit den Grundlagen vertraut ist, kann sich mit diesem Ratgeber auf neues Terrain begeben. Claudia Bentzien erl\u00e4utert anschaulich, was \u00f6kologisches Imkern ausmacht. Von der Wahl der richtigen Beute, \u00fcber Naturwabenbau bis zum eigenen Wachskreislauf, ist dieses Buch eine anregende Erg\u00e4nzung f\u00fcr die Imkerlekt\u00fcre Zuhause. &nbsp; &nbsp; Am Flugloch von H. Storch 14. Auflage Europ\u00e4ische Bienenzucht Ausgaben 64 Seiten ca. 12\u20ac Bei verschiedenen Imkereibedarfshandlungen erh\u00e4ltlich. F\u00fcr motivierte Anf\u00e4nger und Fortgeschrittene geeignet Ein Klassiker der Imkerliteratur, den man zu seinen Bienen mitnehmen sollte! Das Grundwerk zu Beobachtungen am Flugloch und den Schlussfolgerungen eben dieser. Aufgegliedert in die Jahreszeiten der Bienen und des Imkers, punktet &#8220;Am Flugloch&#8221; zus\u00e4tzlich mit seiner \u00dcbersichtlichkeit. Ein Muss f\u00fcr alle Imker! &nbsp; &nbsp; Bienenweide von G\u00fcnter Pritsch ISBN 9783440159910 1. Auflage 2018 304 Seiten 25,00\u20ac F\u00fcr Anf\u00e4nger und Fortgeschrittene geeignet G\u00fcnter Pritsch stellt 220 Trachtpflanzen in ausf\u00fchrlich bebilderten Portraits vor und bewertet diese nach ihrem Nektar- und Pollenwert. F\u00fcr Anf\u00e4nger ist besonders die angegebene Pollenh\u00f6schenfarbe und das Vorkommen der Pflanzen interessant. Das Kapitel \u00fcber die Nutzung und Verbesserung der Bienenweide ist auch f\u00fcr Fortgeschrittene sehr aufschlussreich. &nbsp; &nbsp; Die Intelligenz der Bienen von Randolf Menzel und Matthias Eckold ISBN 9783328104360 368 Seiten 12,00\u20ac Neugier und Beharrlichkeit sind der Schl\u00fcssel des erfolgreichen Forscherlebens von Randolf Menzel Zwei ineinander verwobene Handlungsstr\u00e4nge bilden einen Spannungsbogen, der den Leser \u00fcber 350 Seiten in seinen Bann zieht. Zum einen die verschlungenen Wege eines \u00fcber 50 Jahre andauernden Forscherlebens im internationalen Wissenschaftsbetrieb, zum andern die daraus gewonnenen Erkenntnisse zu den Sinnesleistungen, der Kommunikation und dem Sozialverhalten der Honigbienen. Es ist kein Buch der imkerlichen Praxis, sondern eines das biologische Zusammenh\u00e4nge von der Physiologie bis zum Sozialverhalten der Einzelbiene und im Bienenvolk verst\u00e4ndlich macht. Was mit Karl v. Frisch begann, hat R. Menzel meisterlich weitergef\u00fchrt. Mit Hilfe moderner Mikroelektronik und Digitalisierung wurden alte Erkenntnisse best\u00e4tigt oder revidiert und bahnbrechendes neu entdeckt. Am\u00fcsant zu lesende, humorvolle Abschnitte verkn\u00fcpfen die Beschreibung naturwissenschaftlicher Experimente und die Erkenntnisse daraus. Der Leser muss jedoch bereit sein manche Abschnitte zum Verst\u00e4ndnis mehrfach zu lesen. Unterst\u00fctzung bekommt er durch aufschlussreiche Farbtafeln und Bilder, sowie ein sehr ausf\u00fchrliches Inhaltsverzeichnis. Wer durchh\u00e4lt wird belohnt durch neues Wissen \u00fcber die Sinne, das Gehirn, das Lernen, die Organisation von Kurzzeit- und Langzeitged\u00e4chtnis und die Bedeutung von Schlaf bei Bienen und beim Menschen. Faszination der Bienenwelt ohne Ende! &nbsp; &nbsp; Imkerei-Produkte von Wolfgang Oberrisser ISBN 9783702014315 2. Auflage 156 Seiten 19,90\u20ac F\u00fcr motivierte Anf\u00e4nger und Fortgeschrittene geeignet Wolfgang Oberrisser stellt eine hevorragende Auflistung der g\u00e4ngigen Verarbeitungsmethoden zu allen Produkten aus dem Bienenstock vor. Neben der obligatorischen Honigverarbeitung finden sich in diesem Buch Hinweise, Tipps und Rezepte zur Kerzenherstellung, Kosmetikaproduktion und zur Verarbeitung von Propolis, Bienenpollen und Gel\u00e9e Royale. &nbsp; &nbsp; Bienen von Piotr Socha ISBN 9783836959155 80 Seiten 24,95\u20ac Ein Bilderbuch f\u00fcr Jung und Alt Dieses wunderbare Bilderbuch f\u00fcr Gro\u00df und Klein punktet nicht nur durch seine grandiosen und liebevollen Illustrationen, sondern vermittelt nebenbei viel Wissenswertes und einiges Kurioses \u00fcber die Imkerei. Wussten Sie zum Beispiel, dass eine Biene f\u00fcr 1Kg Honig mehrere Millionen Bl\u00fcten anfliegen muss? Anders ausgedr\u00fcckt, sie fliegt f\u00fcr diese Menge drei mal um die Welt, also ca. 120.000 Kilometer. \u00dcber einem Abriss der Imkereigeschichte (bereits die Maya haben geimkert) und eine \u00dcbersicht \u00fcber die Entwicklung der Bienen (schon zu Zeiten der Dinosaurier waren sie aktiv) schlie\u00dft sich eine am\u00fcsante Zusammenfassung \u00fcber die heutigen Formen der Imkerei an. Auch das gro\u00dfe Thema Bienensterben wird angesprochen. Ein wundersch\u00f6nes Bilderbuch f\u00fcr Bienen- und Naturfreunde und f\u00fcr alle, die es werden wollen.<\/p>\n","protected":false},"author":1,"featured_media":0,"parent":0,"menu_order":0,"comment_status":"closed","ping_status":"closed","template":"","meta":{"_bbp_topic_count":0,"_bbp_reply_count":0,"_bbp_total_topic_count":0,"_bbp_total_reply_count":0,"_bbp_voice_count":0,"_bbp_anonymous_reply_count":0,"_bbp_topic_count_hidden":0,"_bbp_reply_count_hidden":0,"_bbp_forum_subforum_count":0},"_links":{"self":[{"href":"https:\/\/imkerverein-lev.de\/index.php?rest_route=\/wp\/v2\/pages\/572"}],"collection":[{"href":"https:\/\/imkerverein-lev.de\/index.php?rest_route=\/wp\/v2\/pages"}],"about":[{"href":"https:\/\/imkerverein-lev.de\/index.php?rest_route=\/wp\/v2\/types\/page"}],"author":[{"embeddable":true,"href":"https:\/\/imkerverein-lev.de\/index.php?rest_route=\/wp\/v2\/users\/1"}],"replies":[{"embeddable":true,"href":"https:\/\/imkerverein-lev.de\/index.php?rest_route=%2Fwp%2Fv2%2Fcomments&post=572"}],"version-history":[{"count":8,"href":"https:\/\/imkerverein-lev.de\/index.php?rest_route=\/wp\/v2\/pages\/572\/revisions"}],"predecessor-version":[{"id":1651,"href":"https:\/\/imkerverein-lev.de\/index.php?rest_route=\/wp\/v2\/pages\/572\/revisions\/1651"}],"wp:attachment":[{"href":"https:\/\/imkerverein-lev.de\/index.php?rest_route=%2Fwp%2Fv2%2Fmedia&parent=572"}],"curies":[{"name":"wp","href":"https:\/\/api.w.org\/{rel}","templated":true}]}}