{"id":574,"date":"2018-11-19T09:35:00","date_gmt":"2018-11-19T09:35:00","guid":{"rendered":"http:\/\/dragundo.de\/?page_id=574"},"modified":"2019-11-12T11:55:02","modified_gmt":"2019-11-12T10:55:02","slug":"bezugsadressen-fuer-zubehoer","status":"publish","type":"page","link":"https:\/\/imkerverein-lev.de\/?page_id=574","title":{"rendered":"Bezugsadressen f\u00fcr Imkereibedarf"},"content":{"rendered":"<h5>Bei folgenden Fachh\u00e4ndlern aus unserer Umgebung k\u00f6nnen Sie vor Ort Imkereibedarf erwerben:<\/h5>\n<p>&nbsp;<\/p>\n<h5>Apisfarm Imkerei<\/h5>\n<p>Brucherm\u00fchlen Str. 8<br \/>\n42781<strong> Haan<br \/>\n<\/strong>Tel: 0170\/ 721 69 73<br \/>\n(Werktags ab 15.00 Uhr)<br \/>\n<a href=\"https:\/\/www.apis-farm.de\">www.apis-farm.de<\/a><strong>\u00a0<\/strong><\/p>\n<p>&nbsp;<\/p>\n<h5>Bienenland van den Bongard<\/h5>\n<p>Donkweg 41<br \/>\n47877 <strong>Willich-Anrath<\/strong><br \/>\nTel: 02156\/ 1456<br \/>\neMail: <a href=\"mailto:info@bienenland.de\">info@bienenland.de<\/a><br \/>\n<a href=\"https:\/\/bienenland.de\/\">bienenland.de<\/a><\/p>\n<p>&nbsp;<\/p>\n<h5>Imkereibedarf M\u00fcngersdorff<\/h5>\n<p>Paulinenweg 3<br \/>\n51149 <strong>K\u00f6ln<br \/>\n<\/strong>Tel: 02203\/ 101 1839<br \/>\n<a href=\"http:\/\/www.honig-muengersdorff.de\/\">www.honig-muengersdorff.de<\/a><\/p>\n<p>&nbsp;<\/p>\n<h5><span class=\"head\">Bienenzuchtbedarf Geller <\/span><\/h5>\n<p><span class=\"head\">Broicher Stra\u00dfe 175<br \/>\n52146 <strong>W\u00fcrselen<\/strong><\/span><br \/>\n<span class=\"head\">Tel: 02405\/ 74455<br \/>\neMail: <a href=\"mailto:info@bienenzuchtbedarf-geller.de\">info@bienenzuchtbedarf-geller.de<\/a><br \/>\n<\/span><a href=\"https:\/\/bienenzuchtbedarf-geller.de\">https:\/\/bienenzuchtbedarf-geller.de<\/a><\/p>\n<p>&nbsp;<\/p>\n<p>&nbsp;<\/p>\n","protected":false},"excerpt":{"rendered":"<p>Bei folgenden Fachh\u00e4ndlern aus unserer Umgebung k\u00f6nnen Sie vor Ort Imkereibedarf erwerben: &nbsp; Apisfarm Imkerei Brucherm\u00fchlen Str. 8 42781 Haan Tel: 0170\/ 721 69 73 (Werktags ab 15.00 Uhr) www.apis-farm.de\u00a0 &nbsp; Bienenland van den Bongard Donkweg 41 47877 Willich-Anrath Tel: 02156\/ 1456 eMail: info@bienenland.de bienenland.de &nbsp; Imkereibedarf M\u00fcngersdorff Paulinenweg 3 51149 K\u00f6ln Tel: 02203\/ 101 1839 www.honig-muengersdorff.de &nbsp; Bienenzuchtbedarf Geller Broicher Stra\u00dfe 175 52146 W\u00fcrselen Tel: 02405\/ 74455 eMail: info@bienenzuchtbedarf-geller.de https:\/\/bienenzuchtbedarf-geller.de &nbsp; &nbsp;<\/p>\n","protected":false},"author":1,"featured_media":0,"parent":0,"menu_order":0,"comment_status":"closed","ping_status":"closed","template":"","meta":{"_bbp_topic_count":0,"_bbp_reply_count":0,"_bbp_total_topic_count":0,"_bbp_total_reply_count":0,"_bbp_voice_count":0,"_bbp_anonymous_reply_count":0,"_bbp_topic_count_hidden":0,"_bbp_reply_count_hidden":0,"_bbp_forum_subforum_count":0},"_links":{"self":[{"href":"https:\/\/imkerverein-lev.de\/index.php?rest_route=\/wp\/v2\/pages\/574"}],"collection":[{"href":"https:\/\/imkerverein-lev.de\/index.php?rest_route=\/wp\/v2\/pages"}],"about":[{"href":"https:\/\/imkerverein-lev.de\/index.php?rest_route=\/wp\/v2\/types\/page"}],"author":[{"embeddable":true,"href":"https:\/\/imkerverein-lev.de\/index.php?rest_route=\/wp\/v2\/users\/1"}],"replies":[{"embeddable":true,"href":"https:\/\/imkerverein-lev.de\/index.php?rest_route=%2Fwp%2Fv2%2Fcomments&post=574"}],"version-history":[{"count":1,"href":"https:\/\/imkerverein-lev.de\/index.php?rest_route=\/wp\/v2\/pages\/574\/revisions"}],"predecessor-version":[{"id":1391,"href":"https:\/\/imkerverein-lev.de\/index.php?rest_route=\/wp\/v2\/pages\/574\/revisions\/1391"}],"wp:attachment":[{"href":"https:\/\/imkerverein-lev.de\/index.php?rest_route=%2Fwp%2Fv2%2Fmedia&parent=574"}],"curies":[{"name":"wp","href":"https:\/\/api.w.org\/{rel}","templated":true}]}}