{"id":67,"date":"2018-11-11T21:05:45","date_gmt":"2018-11-11T21:05:45","guid":{"rendered":"http:\/\/dragundo.de\/?page_id=67"},"modified":"2025-12-12T12:39:35","modified_gmt":"2025-12-12T11:39:35","slug":"willkommen","status":"publish","type":"page","link":"https:\/\/imkerverein-lev.de\/","title":{"rendered":"Willkommen"},"content":{"rendered":"<h3>beim Imkerverein Leverkusen e.V.<\/h3>\n<p>&nbsp;<\/p>\n<p><img decoding=\"async\" loading=\"lazy\" class=\"alignleft size-medium wp-image-213\" src=\"https:\/\/imkerverein-lev.de\/wp-content\/uploads\/2018\/11\/IMG_2456-300x294.jpg\" alt=\"\" width=\"300\" height=\"294\" srcset=\"https:\/\/imkerverein-lev.de\/wp-content\/uploads\/2018\/11\/IMG_2456-300x294.jpg 300w, https:\/\/imkerverein-lev.de\/wp-content\/uploads\/2018\/11\/IMG_2456.jpg 748w\" sizes=\"(max-width: 300px) 100vw, 300px\" \/><\/p>\n<p style=\"text-align: left;\">Liebe Bieneninteressierte, liebe ImkerInnen,<\/p>\n<p style=\"text-align: left;\">wir begr\u00fc\u00dfen Sie herzlich bei uns.<br \/>\nUnser Verein steht seit 1899 f\u00fcr die F\u00f6rderung der Bienenhaltung und -zucht und setzt sich aktiv f\u00fcr die Erhaltung der Artenvielfalt unserer Flora und Fauna in Leverkusen und Umgebung ein.<\/p>\n<p style=\"text-align: left;\">Neben traditionellen Zuchtzielen stehen unsere Mitglieder im st\u00e4ndigen Dialog \u00fcber die moderne Imkerei und neueste Erkenntnisse aus der Wissenschaft.<\/p>\n<p style=\"text-align: left;\">Unsere Mitglieder, ihre Bienen und ihre Art zu imkern sind vielseitig und leben vom st\u00e4ndigen Austausch untereinander.<br \/>\nNicht nur deshalb lohnt sich ein Besuch unserer regelm\u00e4\u00dfigen Versammlungen.<\/p>\n<p>&nbsp;<\/p>\n<p>Wir treffen uns jeden zweiten Dienstag im Monat:<\/p>\n<p><strong>Adresse:<\/strong><br \/>\nPfarrsaal der kath. Gemeinde Heilige Drei K\u00f6nige<br \/>\nPlatanenweg 7<br \/>\n51381 Leverkusen<\/p>\n<p>&nbsp;<\/p>\n<p><img decoding=\"async\" loading=\"lazy\" class=\"alignright size-medium wp-image-193\" src=\"https:\/\/imkerverein-lev.de\/wp-content\/uploads\/2018\/11\/heike_kurs-300x220.jpg\" alt=\"\" width=\"300\" height=\"220\" srcset=\"https:\/\/imkerverein-lev.de\/wp-content\/uploads\/2018\/11\/heike_kurs-300x220.jpg 300w, https:\/\/imkerverein-lev.de\/wp-content\/uploads\/2018\/11\/heike_kurs-768x563.jpg 768w, https:\/\/imkerverein-lev.de\/wp-content\/uploads\/2018\/11\/heike_kurs-1024x751.jpg 1024w, https:\/\/imkerverein-lev.de\/wp-content\/uploads\/2018\/11\/heike_kurs.jpg 1806w\" sizes=\"(max-width: 300px) 100vw, 300px\" \/><\/p>\n<p style=\"text-align: left;\">Neben anregenden Gespr\u00e4chen zwischen Jungimkern, alten Hasen und G\u00e4sten bieten wir jeden Monat einen interessanten Vortrag.<br \/>\nExterne Referenten oder fachkundige Vereinsmitglieder berichten kurzweilig \u00fcber verschiedenste Themen rund um Bienen, Imkerei und Naturschutz.<br \/>\nWir freuen uns jederzeit \u00fcber neue Zuh\u00f6rer, schauen Sie doch einfach bei einem unserer n\u00e4chsten <a href=\"https:\/\/imkerverein-lev.de\/?page_id=37\">Termine<\/a> vorbei!<\/p>\n<p style=\"text-align: left;\">Als gemeinn\u00fctzig anerkannter Verein liegt uns neben dem Schutz der Honigbiene, der zahlreichen Wildbienenarten und der Pflege unseres <a href=\"https:\/\/imkerverein-lev.de\/?page_id=21\">Bienengartens<\/a> besonders die Unterst\u00fctzung von Jungimkern und Neuimkern sehr am Herzen.<\/p>\n<p style=\"text-align: left;\">Selbstverst\u00e4ndlich freuen wir uns jederzeit \u00fcber <a href=\"https:\/\/imkerverein-lev.de\/?page_id=22\">Spenden<\/a> f\u00fcr unseren Verein.<\/p>\n","protected":false},"excerpt":{"rendered":"<p>beim Imkerverein Leverkusen e.V. &nbsp; Liebe Bieneninteressierte, liebe ImkerInnen, wir begr\u00fc\u00dfen Sie herzlich bei uns. Unser Verein steht seit 1899 f\u00fcr die F\u00f6rderung der Bienenhaltung und -zucht und setzt sich aktiv f\u00fcr die Erhaltung der Artenvielfalt unserer Flora und Fauna in Leverkusen und Umgebung ein. Neben traditionellen Zuchtzielen stehen unsere Mitglieder im st\u00e4ndigen Dialog \u00fcber die moderne Imkerei und neueste Erkenntnisse aus der Wissenschaft. Unsere Mitglieder, ihre Bienen und ihre Art zu imkern sind vielseitig und leben vom st\u00e4ndigen Austausch untereinander. Nicht nur deshalb lohnt sich ein Besuch unserer regelm\u00e4\u00dfigen Versammlungen. &nbsp; Wir treffen uns jeden zweiten Dienstag im Monat: Adresse: Pfarrsaal der kath. Gemeinde Heilige Drei K\u00f6nige Platanenweg 7 51381 Leverkusen &nbsp; Neben anregenden Gespr\u00e4chen zwischen Jungimkern, alten Hasen und G\u00e4sten bieten wir jeden Monat einen interessanten Vortrag. Externe Referenten oder fachkundige Vereinsmitglieder berichten kurzweilig \u00fcber verschiedenste Themen rund um Bienen, Imkerei und Naturschutz. Wir freuen uns jederzeit \u00fcber neue Zuh\u00f6rer, schauen Sie doch einfach bei einem unserer n\u00e4chsten Termine vorbei! Als gemeinn\u00fctzig anerkannter Verein liegt uns neben dem Schutz der Honigbiene, der zahlreichen Wildbienenarten und der Pflege unseres Bienengartens besonders die Unterst\u00fctzung von Jungimkern und Neuimkern sehr am Herzen. Selbstverst\u00e4ndlich freuen wir uns jederzeit \u00fcber Spenden f\u00fcr unseren Verein.<\/p>\n","protected":false},"author":1,"featured_media":0,"parent":0,"menu_order":0,"comment_status":"closed","ping_status":"closed","template":"","meta":{"_bbp_topic_count":0,"_bbp_reply_count":0,"_bbp_total_topic_count":0,"_bbp_total_reply_count":0,"_bbp_voice_count":0,"_bbp_anonymous_reply_count":0,"_bbp_topic_count_hidden":0,"_bbp_reply_count_hidden":0,"_bbp_forum_subforum_count":0},"_links":{"self":[{"href":"https:\/\/imkerverein-lev.de\/index.php?rest_route=\/wp\/v2\/pages\/67"}],"collection":[{"href":"https:\/\/imkerverein-lev.de\/index.php?rest_route=\/wp\/v2\/pages"}],"about":[{"href":"https:\/\/imkerverein-lev.de\/index.php?rest_route=\/wp\/v2\/types\/page"}],"author":[{"embeddable":true,"href":"https:\/\/imkerverein-lev.de\/index.php?rest_route=\/wp\/v2\/users\/1"}],"replies":[{"embeddable":true,"href":"https:\/\/imkerverein-lev.de\/index.php?rest_route=%2Fwp%2Fv2%2Fcomments&post=67"}],"version-history":[{"count":11,"href":"https:\/\/imkerverein-lev.de\/index.php?rest_route=\/wp\/v2\/pages\/67\/revisions"}],"predecessor-version":[{"id":2110,"href":"https:\/\/imkerverein-lev.de\/index.php?rest_route=\/wp\/v2\/pages\/67\/revisions\/2110"}],"wp:attachment":[{"href":"https:\/\/imkerverein-lev.de\/index.php?rest_route=%2Fwp%2Fv2%2Fmedia&parent=67"}],"curies":[{"name":"wp","href":"https:\/\/api.w.org\/{rel}","templated":true}]}}