{"id":70,"date":"2018-11-11T21:05:45","date_gmt":"2018-11-11T21:05:45","guid":{"rendered":"http:\/\/dragundo.de\/?page_id=70"},"modified":"2025-06-17T18:42:44","modified_gmt":"2025-06-17T17:42:44","slug":"impressum-datenschutz-2","status":"publish","type":"page","link":"https:\/\/imkerverein-lev.de\/?page_id=70","title":{"rendered":"Impressum"},"content":{"rendered":"<p>Erg\u00e4nzende Angaben laut Teledienstgesetz<\/p>\n<p><strong>Imkerverein Leverkusen e.V.<\/strong><br \/>\n1. Vorsitzende Heike Maniatis<br \/>\nL\u00fctzenkirchener Stra\u00dfe 158<br \/>\n51381 Leverkusen<br \/>\nTel: 02171\/57581<br \/>\nMail: vorsitz1@imkerverein-lev.de<\/p>\n<p>Inhalt und Gestaltung der Homepage<br \/>\nKerstin Laube<br \/>\nMail: schriftfuehrer2@imkerverein-lev.de<br \/>\n\u00a9 2025 Imkerverein Leverkusen e.V.<\/p>\n<p>Wir \u00fcbernehmen keine Haftung f\u00fcr die Inhalte externer Links.<br \/>\nF\u00fcr den Inhalt der verlinkten Seiten sind ausschlie\u00dflich deren<br \/>\nBetreiber verantwortlich.<\/p>\n<p>&nbsp;<\/p>\n<p>Ein herzliches Dankesch\u00f6n geht sowohl an Florian Laube f\u00fcr die Bereitstellung einiger Fotomaterialen (besonders des Headers), als auch an etliche Vereinsmitglieder, die sich mit eigenen Bildern und Texten beteiligt haben.<\/p>\n","protected":false},"excerpt":{"rendered":"<p>Erg\u00e4nzende Angaben laut Teledienstgesetz Imkerverein Leverkusen e.V. 1. Vorsitzende Heike Maniatis L\u00fctzenkirchener Stra\u00dfe 158 51381 Leverkusen Tel: 02171\/57581 Mail: vorsitz1@imkerverein-lev.de Inhalt und Gestaltung der Homepage Kerstin Laube Mail: schriftfuehrer2@imkerverein-lev.de \u00a9 2025 Imkerverein Leverkusen e.V. Wir \u00fcbernehmen keine Haftung f\u00fcr die Inhalte externer Links. F\u00fcr den Inhalt der verlinkten Seiten sind ausschlie\u00dflich deren Betreiber verantwortlich. &nbsp; Ein herzliches Dankesch\u00f6n geht sowohl an Florian Laube f\u00fcr die Bereitstellung einiger Fotomaterialen (besonders des Headers), als auch an etliche Vereinsmitglieder, die sich mit eigenen Bildern und Texten beteiligt haben.<\/p>\n","protected":false},"author":1,"featured_media":0,"parent":0,"menu_order":0,"comment_status":"closed","ping_status":"closed","template":"","meta":{"_bbp_topic_count":0,"_bbp_reply_count":0,"_bbp_total_topic_count":0,"_bbp_total_reply_count":0,"_bbp_voice_count":0,"_bbp_anonymous_reply_count":0,"_bbp_topic_count_hidden":0,"_bbp_reply_count_hidden":0,"_bbp_forum_subforum_count":0},"_links":{"self":[{"href":"https:\/\/imkerverein-lev.de\/index.php?rest_route=\/wp\/v2\/pages\/70"}],"collection":[{"href":"https:\/\/imkerverein-lev.de\/index.php?rest_route=\/wp\/v2\/pages"}],"about":[{"href":"https:\/\/imkerverein-lev.de\/index.php?rest_route=\/wp\/v2\/types\/page"}],"author":[{"embeddable":true,"href":"https:\/\/imkerverein-lev.de\/index.php?rest_route=\/wp\/v2\/users\/1"}],"replies":[{"embeddable":true,"href":"https:\/\/imkerverein-lev.de\/index.php?rest_route=%2Fwp%2Fv2%2Fcomments&post=70"}],"version-history":[{"count":13,"href":"https:\/\/imkerverein-lev.de\/index.php?rest_route=\/wp\/v2\/pages\/70\/revisions"}],"predecessor-version":[{"id":2094,"href":"https:\/\/imkerverein-lev.de\/index.php?rest_route=\/wp\/v2\/pages\/70\/revisions\/2094"}],"wp:attachment":[{"href":"https:\/\/imkerverein-lev.de\/index.php?rest_route=%2Fwp%2Fv2%2Fmedia&parent=70"}],"curies":[{"name":"wp","href":"https:\/\/api.w.org\/{rel}","templated":true}]}}