{"id":71,"date":"2018-11-11T22:05:45","date_gmt":"2018-11-11T21:05:45","guid":{"rendered":"http:\/\/dragundo.de\/?page_id=71"},"modified":"2020-05-04T12:43:27","modified_gmt":"2020-05-04T11:43:27","slug":"infos-fuer-neumitglieder","status":"publish","type":"page","link":"https:\/\/imkerverein-lev.de\/?page_id=71","title":{"rendered":"Infos f\u00fcr Neumitglieder"},"content":{"rendered":"<h5>Wer sich Bienen anschafft, muss diese zwingend beim Veterin\u00e4ramt und bei der Tierseuchenkasse melden.<\/h5>\n<p>Beim Veterin\u00e4ramt gilt die Gemeinde der Bienenst\u00e4nde.<br \/>\nDie schriftliche Anmeldung muss folgende Angaben enthalten: Name, Adresse, Telefonnummer, genauen Standort (Adresse) und die Anzahl der Bienenv\u00f6lker.<\/p>\n<table border=\"0\" width=\"100%\" cellspacing=\"0\" cellpadding=\"0\">\n<colgroup span=\"1\">\n<col span=\"1\" width=\"85*\" \/><\/colgroup>\n<colgroup span=\"1\">\n<col span=\"1\" width=\"85*\" \/><\/colgroup>\n<colgroup span=\"1\">\n<col span=\"1\" width=\"85*\" \/><\/colgroup>\n<tbody>\n<tr valign=\"TOP\">\n<td colspan=\"1\" rowspan=\"1\" width=\"33%\">Leverkusen<\/td>\n<td colspan=\"1\" rowspan=\"1\" width=\"33%\">Rheinisch Bergischer Kreis<\/td>\n<td colspan=\"1\" rowspan=\"1\" width=\"33%\">Mettmann<\/td>\n<\/tr>\n<tr valign=\"TOP\">\n<td colspan=\"1\" rowspan=\"1\" width=\"33%\">Frau Dr. Wehrle<br \/>\nTel. 0214\/406 39 03<br \/>\nFax 0214\/406 39 02<br \/>\neMail: <a href=\"mailto:veterinaeramt@stadt.leverkusen.de\" target=\"_blank\" rel=\"noopener noreferrer\" data-fcksavedurl=\"mailto: veterinaeramt@stadt.leverkusen.de \">veterinaeramt@stadt.leverkusen.de<\/a><\/td>\n<td colspan=\"1\" rowspan=\"1\" width=\"33%\">Frau Dr. Post<br \/>\nTel. 02202\/13 28 15<\/td>\n<td colspan=\"1\" rowspan=\"1\" width=\"33%\">Herr Dr. Hagelschuer<br \/>\nTel. 02104\/ 99 19 57<br \/>\neMail:<br \/>\n<a href=\"mailto:veterinaerwesen@kreis-mettmann.de\">veterinaerwesen@kreis-mettmann.de<\/a><\/td>\n<\/tr>\n<\/tbody>\n<\/table>\n<h5>Landwirtschaftskammer Nordrhein-Westfalen &#8211; Tierseuchenkasse NRW<\/h5>\n<p>Nevinghoff 6, 48147 M\u00fcnster<br \/>\nTelefon: (0251) 28982-0<br \/>\nFax: (0251) 28982-30<br \/>\nE-Mail: <a href=\"mailto:tierseuchenkasse@lwk.nrw.de\" data-fcksavedurl=\"mailto:tierseuchenkasse@lwk.nrw.de\">tierseuchenkasse@lwk.nrw.de<\/a><\/p>\n<p><a href=\"https:\/\/www.google.com\/url?q=https:\/\/deutscherimkerbund.de\/userfiles\/downloads\/satzung_richtlinien\/Bienen_halten_verpflichtet.pdf&amp;sa=U&amp;ved=2ahUKEwj0ivDloMfgAhXPDuwKHTkICsEQFjAAegQIAhAB&amp;usg=AOvVaw2KvvAqfmUuBihrEtafPuOV\" target=\"_blank\" rel=\"noopener noreferrer\">Bienen halten verpflichtet!<\/a><\/p>\n<p>&nbsp;<\/p>\n<p>Die schriftliche Anmeldung muss folgende Angaben enthalten: Name, Adresse, Telefonnummer, genauen Standort (Adresse) und die Anzahl der Bienenv\u00f6lker.<\/p>\n<p>Unser Verein ist einer von 12 Vereinen des <a href=\"http:\/\/www.kreisimkerverband.de\" target=\"_blank\" rel=\"noopener noreferrer\" data-fcksavedurl=\"http:\/\/www.kreisimkerverband.de\">Kreisimkerverbandes Bergisch Land<\/a>.<br \/>\nDer Kreisverband organisiert sehr empfehlenswerte Kurse und Seminare, u.a. einen Einf\u00fchrungskurs in die Imkerei.<br \/>\nFragen zum Einf\u00fchrungskurs richten Sie bitte direkt an den Bienenzuchtverein Bechen:<br \/>\nTel. 0 22 66 \/ 47 05 28 Udo Gensowski oder Tel. 0 22 07 \/ 51 03 Heinz-Jakob Len\u00dfen.<br \/>\nAnmeldung per <a href=\"mailto:kontakt@bienenzuchtverein-bechen.de\" data-fcksavedurl=\"mailto:kontakt@bienenzuchtverein-bechen.de\">eMail<\/a>.<\/p>\n<p>Unser Verein geh\u00f6rt zum <a href=\"http:\/\/www.iv-rheinland.de\" target=\"_blank\" rel=\"noopener noreferrer\">Imkerverband Rheinland e.V.<\/a> .<\/p>\n<p>Die Landesverb\u00e4nde und somit jedes Mitglied in unserem Verein sind im <a href=\"http:\/\/www.deutscherimkerbund.de\" target=\"_blank\" rel=\"noopener noreferrer\" data-fcksavedurl=\"http:\/\/www.deutscherimkerbund.de\">D.I.B.<\/a> organisiert.<\/p>\n<p>Der <a href=\"https:\/\/www.apis-ev.de\/infobrief-bienenimkerei.html\">Infobrief<\/a> von Apis e.V.<\/p>\n<h5>Weitere informative Links zum Thema Imkerei finden Sie hier:<\/h5>\n<p>Die Landwirtschaftskammer stellt hier sehr \u00fcbersichtlich <a href=\"http:\/\/www.imkerverein-lev.de\/mediapool\/74\/747161\/data\/Bienenhaltung_Wohngebiete.pdf\" target=\"_blank\" rel=\"noopener noreferrer\" data-fcksavedurl=\"manageContentLinkObject.jsp?pos=16760496&amp;\">Informationen zur Bienenhaltung in <\/a><a href=\"https:\/\/de-livepages.strato.com\/wizard\/w4\/manageContentLinkObject.jsp?pos=21154212&amp;\" target=\"_blank\" rel=\"noopener noreferrer\" data-fcksavedurl=\"manageContentLinkObject.jsp?pos=21154212&amp;\">Wohngebieten<\/a> und Informationen zum Bienenhausbau im Aussenbereich bereit.<\/p>\n<p><a href=\"http:\/\/www.die-honigmacher.de\" target=\"_blank\" rel=\"noopener noreferrer\" data-fcksavedurl=\"http:\/\/www.die-honigmacher.de\">Die Honigmacher<\/a> bieten ausf\u00fchrliche Informationen zum Thema Imkerei und Bienen sowie Online-Kurse zu verschiedenen Themen.<\/p>\n<p>Interessante <a href=\"http:\/\/www.ruhrstadt-imker.de\" target=\"_blank\" rel=\"noopener noreferrer\" data-fcksavedurl=\"http:\/\/www.ruhrstadt-imker.de\">Tipps zum &#8220;Einfach Imkern&#8221;<\/a> von Dr. Pia Aumeier und Dr. Gerhard Liebig.<\/p>\n<p>Hilfe und Empfehlungen zum Thema <a href=\"http:\/\/www.bienenkunde.rlp.de\" target=\"_blank\" rel=\"noopener noreferrer\" data-fcksavedurl=\"http:\/\/www.bienenkunde.rlp.de\">Varroabehandlung <\/a>(mit Wetterstationen in Rheinl.Pfalz) auch f\u00fcr NRW hilfreich.<\/p>\n<p>Hilfe bei Wespen und <a href=\"http:\/\/www.hornissenschutz.de\/kompakt.htm\" target=\"_blank\" rel=\"noopener noreferrer\" data-fcksavedurl=\"http:\/\/www.hornissenschutz.de\/kompakt.htm\">Hornissen <\/a>(Artenschutz): <a href=\"http:\/\/www.leverkusen.de\/vv\/produkte\/FB32\/Artenschutz_Tiere_und_Pflanzen_heimische_.php\" target=\"_blank\" rel=\"noopener noreferrer\" data-fcksavedurl=\"http:\/\/www.leverkusen.de\/vv\/produkte\/FB32\/Artenschutz_Tiere_und_Pflanzen_heimische_.php\">Untere Landschaftsbeh\u00f6rde Stadt Leverkusen<\/a><\/p>\n<p>Mehr \u00fcber <a href=\"http:\/\/www.wildbienen.de\" target=\"_blank\" rel=\"noopener noreferrer\" data-fcksavedurl=\"http:\/\/www.wildbienen.de\">Wildbienen<\/a>.<\/p>\n","protected":false},"excerpt":{"rendered":"<p>Wer sich Bienen anschafft, muss diese zwingend beim Veterin\u00e4ramt und bei der Tierseuchenkasse melden. Beim Veterin\u00e4ramt gilt die Gemeinde der Bienenst\u00e4nde. Die schriftliche Anmeldung muss folgende Angaben enthalten: Name, Adresse, Telefonnummer, genauen Standort (Adresse) und die Anzahl der Bienenv\u00f6lker. Leverkusen Rheinisch Bergischer Kreis Mettmann Frau Dr. Wehrle Tel. 0214\/406 39 03 Fax 0214\/406 39 02 eMail: veterinaeramt@stadt.leverkusen.de Frau Dr. Post Tel. 02202\/13 28 15 Herr Dr. Hagelschuer Tel. 02104\/ 99 19 57 eMail: veterinaerwesen@kreis-mettmann.de Landwirtschaftskammer Nordrhein-Westfalen &#8211; Tierseuchenkasse NRW Nevinghoff 6, 48147 M\u00fcnster Telefon: (0251) 28982-0 Fax: (0251) 28982-30 E-Mail: tierseuchenkasse@lwk.nrw.de Bienen halten verpflichtet! &nbsp; Die schriftliche Anmeldung muss folgende Angaben enthalten: Name, Adresse, Telefonnummer, genauen Standort (Adresse) und die Anzahl der Bienenv\u00f6lker. Unser Verein ist einer von 12 Vereinen des Kreisimkerverbandes Bergisch Land. Der Kreisverband organisiert sehr empfehlenswerte Kurse und Seminare, u.a. einen Einf\u00fchrungskurs in die Imkerei. Fragen zum Einf\u00fchrungskurs richten Sie bitte direkt an den Bienenzuchtverein Bechen: Tel. 0 22 66 \/ 47 05 28 Udo Gensowski oder Tel. 0 22 07 \/ 51 03 Heinz-Jakob Len\u00dfen. Anmeldung per eMail. Unser Verein geh\u00f6rt zum Imkerverband Rheinland e.V. . Die Landesverb\u00e4nde und somit jedes Mitglied in unserem Verein sind im D.I.B. organisiert. Der Infobrief von Apis e.V. Weitere informative Links zum Thema Imkerei finden Sie hier: Die Landwirtschaftskammer stellt hier sehr \u00fcbersichtlich Informationen zur Bienenhaltung in Wohngebieten und Informationen zum Bienenhausbau im Aussenbereich bereit. Die Honigmacher bieten ausf\u00fchrliche Informationen zum Thema Imkerei und Bienen sowie Online-Kurse zu verschiedenen Themen. Interessante Tipps zum &#8220;Einfach Imkern&#8221; von Dr. Pia Aumeier und Dr. Gerhard Liebig. Hilfe und Empfehlungen zum Thema Varroabehandlung (mit Wetterstationen in Rheinl.Pfalz) auch f\u00fcr NRW hilfreich. Hilfe bei Wespen und Hornissen (Artenschutz): Untere Landschaftsbeh\u00f6rde Stadt Leverkusen Mehr \u00fcber Wildbienen.<\/p>\n","protected":false},"author":1,"featured_media":0,"parent":0,"menu_order":0,"comment_status":"closed","ping_status":"closed","template":"","meta":{"_bbp_topic_count":0,"_bbp_reply_count":0,"_bbp_total_topic_count":0,"_bbp_total_reply_count":0,"_bbp_voice_count":0,"_bbp_anonymous_reply_count":0,"_bbp_topic_count_hidden":0,"_bbp_reply_count_hidden":0,"_bbp_forum_subforum_count":0},"_links":{"self":[{"href":"https:\/\/imkerverein-lev.de\/index.php?rest_route=\/wp\/v2\/pages\/71"}],"collection":[{"href":"https:\/\/imkerverein-lev.de\/index.php?rest_route=\/wp\/v2\/pages"}],"about":[{"href":"https:\/\/imkerverein-lev.de\/index.php?rest_route=\/wp\/v2\/types\/page"}],"author":[{"embeddable":true,"href":"https:\/\/imkerverein-lev.de\/index.php?rest_route=\/wp\/v2\/users\/1"}],"replies":[{"embeddable":true,"href":"https:\/\/imkerverein-lev.de\/index.php?rest_route=%2Fwp%2Fv2%2Fcomments&post=71"}],"version-history":[{"count":5,"href":"https:\/\/imkerverein-lev.de\/index.php?rest_route=\/wp\/v2\/pages\/71\/revisions"}],"predecessor-version":[{"id":1515,"href":"https:\/\/imkerverein-lev.de\/index.php?rest_route=\/wp\/v2\/pages\/71\/revisions\/1515"}],"wp:attachment":[{"href":"https:\/\/imkerverein-lev.de\/index.php?rest_route=%2Fwp%2Fv2%2Fmedia&parent=71"}],"curies":[{"name":"wp","href":"https:\/\/api.w.org\/{rel}","templated":true}]}}