{"id":72,"date":"2018-11-11T21:05:46","date_gmt":"2018-11-11T21:05:46","guid":{"rendered":"http:\/\/dragundo.de\/?page_id=72"},"modified":"2025-10-05T12:21:48","modified_gmt":"2025-10-05T11:21:48","slug":"mitgliedsantrag","status":"publish","type":"page","link":"https:\/\/imkerverein-lev.de\/?page_id=72","title":{"rendered":"Mitgliedsantrag"},"content":{"rendered":"<p>&nbsp;<\/p>\n<p>Wenn Sie Mitglied werden m\u00f6chten, laden Sie sich gerne hier den Antrag herunter und bringen ihn ausgef\u00fcllt zu unserer n\u00e4chsten Versammlung mit.<br \/>\nDie Termin\u00fcbersicht finden Sie <a href=\"https:\/\/imkerverein-lev.de\/?page_id=37\" data-fcksavedurl=\"manageContentLinkObject.jsp?pos=21154107&amp;\">hier<\/a>.<\/p>\n<p>Alternativ k\u00f6nnen Sie den ausgef\u00fcllten Antrag per Post an unsere 1. Vorsitzende Heike Maniatis schicken.<\/p>\n<p>Adresse:<\/p>\n<p>Imkerverein Leverkusen e.V.<\/p>\n<p>L\u00fctzenkirchener Stra\u00dfe 158<\/p>\n<p>51381 Leverkusen<\/p>\n<p><a href=\"https:\/\/imkerverein-lev.de\/wp-content\/uploads\/2025\/10\/Mitgliedsantrag-2025.pdf\" target=\"_blank\" rel=\"noopener\">Download Mitgliedsantrag<\/a><\/p>\n","protected":false},"excerpt":{"rendered":"<p>&nbsp; Wenn Sie Mitglied werden m\u00f6chten, laden Sie sich gerne hier den Antrag herunter und bringen ihn ausgef\u00fcllt zu unserer n\u00e4chsten Versammlung mit. Die Termin\u00fcbersicht finden Sie hier. Alternativ k\u00f6nnen Sie den ausgef\u00fcllten Antrag per Post an unsere 1. Vorsitzende Heike Maniatis schicken. Adresse: Imkerverein Leverkusen e.V. L\u00fctzenkirchener Stra\u00dfe 158 51381 Leverkusen Download Mitgliedsantrag<\/p>\n","protected":false},"author":1,"featured_media":0,"parent":0,"menu_order":0,"comment_status":"closed","ping_status":"closed","template":"","meta":{"_bbp_topic_count":0,"_bbp_reply_count":0,"_bbp_total_topic_count":0,"_bbp_total_reply_count":0,"_bbp_voice_count":0,"_bbp_anonymous_reply_count":0,"_bbp_topic_count_hidden":0,"_bbp_reply_count_hidden":0,"_bbp_forum_subforum_count":0},"_links":{"self":[{"href":"https:\/\/imkerverein-lev.de\/index.php?rest_route=\/wp\/v2\/pages\/72"}],"collection":[{"href":"https:\/\/imkerverein-lev.de\/index.php?rest_route=\/wp\/v2\/pages"}],"about":[{"href":"https:\/\/imkerverein-lev.de\/index.php?rest_route=\/wp\/v2\/types\/page"}],"author":[{"embeddable":true,"href":"https:\/\/imkerverein-lev.de\/index.php?rest_route=\/wp\/v2\/users\/1"}],"replies":[{"embeddable":true,"href":"https:\/\/imkerverein-lev.de\/index.php?rest_route=%2Fwp%2Fv2%2Fcomments&post=72"}],"version-history":[{"count":6,"href":"https:\/\/imkerverein-lev.de\/index.php?rest_route=\/wp\/v2\/pages\/72\/revisions"}],"predecessor-version":[{"id":2104,"href":"https:\/\/imkerverein-lev.de\/index.php?rest_route=\/wp\/v2\/pages\/72\/revisions\/2104"}],"wp:attachment":[{"href":"https:\/\/imkerverein-lev.de\/index.php?rest_route=%2Fwp%2Fv2%2Fmedia&parent=72"}],"curies":[{"name":"wp","href":"https:\/\/api.w.org\/{rel}","templated":true}]}}